{"id":2949,"date":"2021-12-16T09:17:43","date_gmt":"2021-12-16T08:17:43","guid":{"rendered":"http:\/\/auberge.madalacarte.com\/?page_id=2949"},"modified":"2025-08-14T20:35:11","modified_gmt":"2025-08-14T17:35:11","slug":"saint-augustin","status":"publish","type":"page","link":"https:\/\/aubergedelatable.com\/en\/saint-augustin\/","title":{"rendered":"\u00a0\u00a0Saint Augustin"},"content":{"rendered":"<div data-elementor-type=\"wp-page\" data-elementor-id=\"2949\" class=\"elementor elementor-2949\">\n\t\t\t\t<div class=\"elementor-element elementor-element-3eb3600 e-flex e-con-boxed e-con e-parent\" data-id=\"3eb3600\" data-element_type=\"container\" data-e-type=\"container\">\n\t\t\t\t\t<div class=\"e-con-inner\">\n\t\t<div class=\"elementor-element elementor-element-c0ec7b4 e-con-full e-flex e-con e-child\" data-id=\"c0ec7b4\" data-element_type=\"container\" data-e-type=\"container\">\n\t\t\t\t<div class=\"elementor-element elementor-element-d7bb29c elementor-widget elementor-widget-text-editor\" data-id=\"d7bb29c\" data-element_type=\"widget\" data-e-type=\"widget\" data-settings=\"{&quot;hoteller_ext_link_sidemenu&quot;:&quot;false&quot;,&quot;hoteller_ext_link_fullmenu&quot;:&quot;false&quot;,&quot;hoteller_ext_is_scrollme&quot;:&quot;false&quot;,&quot;hoteller_ext_is_smoove&quot;:&quot;false&quot;,&quot;hoteller_ext_is_parallax_mouse&quot;:&quot;false&quot;,&quot;hoteller_ext_is_infinite&quot;:&quot;false&quot;,&quot;hoteller_ext_is_fadeout_animation&quot;:&quot;false&quot;}\" data-widget_type=\"text-editor.default\">\n\t\t\t\t<div class=\"elementor-widget-container\">\n\t\t\t\t\t\t\t\t\t<div>\n<div><span>Dur\u00e9e :&nbsp;Journ\u00e9e&nbsp;<i>&nbsp;<\/i><\/span><\/div>\n<div>&nbsp;<\/div>\n<div><span>Activities :<\/span><\/div>\n<ul>\n<li><span><b>Visit to the caves of Binabe and Sarodrano:&nbsp;<\/b>Binabe Cave has easy access from the St. Augustine Trail. 40 min circuit with stop in the cave. Interpretations of animist rites (offerings), with the possibility of observing lemurs at the end of the day. The Sarodrano cave runs along the same track towards Saint-Augustin. Ideal place for swimming.<\/span><\/li>\n<\/ul>\n<ul>\n<li><span><b>Visit of the source of Andoharano:<\/b>&nbsp;45-minute walk along a path along the river with agricultural landscapes before arriving at the natural spring. The return is by canoe. The round trip can also be done by canoe.<\/span><\/li>\n<\/ul>\n<ul>\n<li><span><b>Barn Hill:&nbsp;<\/b>Hike to the top of Barn Hill, starting from the port of Saint-Augustin. After a short climb of a few minutes, discover a fabulous panorama. The bay is animated by the sails of vezo canoes.<\/span><\/li>\n<\/ul>\n<ul>\n<li><span><b>Observation of pink flamingos:&nbsp;<\/b>At the end of the day if the weather and the season allow it, it is possible to admire the pink flamingos at the edge of the Onilahy river in Saint-Augustin.<\/span><span style=\"font-family: Renner; font-size: 15px; font-style: normal; font-weight: 400;\">&nbsp;<\/span>&nbsp;<i style=\"font-family: inherit; font-weight: inherit; letter-spacing: 0px;\">&nbsp;<\/i><\/li>\n<\/ul>\n<div>&nbsp;<\/div>\n<div>Tarif : 600,000Ar \/ 2 personnes.&nbsp;<span style=\"font-family: Renner; font-size: 15px; font-style: normal; font-weight: 400; letter-spacing: 0px;\">Le tarif inclut le transport en v\u00e9hicule, droits d\u2019entr\u00e9es \u00e0 la grotte et \u00e0 la piscine naturelle, balade en pirogue \u00e0 la source naturelle, petite collation, accompagnement guide local.<\/span><span style=\"font-family: Renner; font-size: 15px; font-style: normal; font-weight: 400; letter-spacing: 0px;\">&nbsp;300,000Ar\/ personne suppl\u00e9mentaire.<\/span><\/div><ul>\n<\/ul>\n<\/div>\t\t\t\t\t\t\t\t<\/div>\n\t\t\t\t<\/div>\n\t\t\t\t<\/div>\n\t\t<div class=\"elementor-element elementor-element-26b1d1b e-con-full e-flex e-con e-child\" data-id=\"26b1d1b\" data-element_type=\"container\" data-e-type=\"container\">\n\t\t\t\t<div class=\"elementor-element elementor-element-2b8fde8 elementor-widget elementor-widget-hoteller-gallery-grid\" data-id=\"2b8fde8\" data-element_type=\"widget\" data-e-type=\"widget\" data-settings=\"{&quot;hoteller_ext_link_sidemenu&quot;:&quot;false&quot;,&quot;hoteller_ext_link_fullmenu&quot;:&quot;false&quot;,&quot;hoteller_ext_is_scrollme&quot;:&quot;false&quot;,&quot;hoteller_ext_is_smoove&quot;:&quot;false&quot;,&quot;hoteller_ext_is_parallax_mouse&quot;:&quot;false&quot;,&quot;hoteller_ext_is_infinite&quot;:&quot;false&quot;,&quot;hoteller_ext_is_fadeout_animation&quot;:&quot;false&quot;}\" data-widget_type=\"hoteller-gallery-grid.default\">\n\t\t\t\t<div class=\"elementor-widget-container\">\n\t\t\t\t\t<div class=\"gallery_grid_content_wrapper layout_tg_two_cols\">\n\t\t<div class=\"gallery_grid_item tg_two_cols  gallery-grid-tilt\">\n\t\t\t\t\t\t\t<a class=\"tg_gallery_lightbox\" href=\"https:\/\/aubergedelatable.com\/wp-content\/uploads\/2021\/12\/241499074_4837378756372991_8994362783364607245_n.jpg\" data-thumb=\"https:\/\/aubergedelatable.com\/wp-content\/uploads\/2021\/12\/241499074_4837378756372991_8994362783364607245_n-219x300.jpg\" data-rel=\"tg_gallery2b8fde8\"  >\n\t\t\t\t\t\t\t<img decoding=\"async\"  src=\"https:\/\/aubergedelatable.com\/wp-content\/uploads\/2021\/12\/241499074_4837378756372991_8994362783364607245_n-700x466.jpg\" class=\"\" alt=\"\" \/>\n\t\t\t\t\t\t\t<\/a>\n\t\t\t\t\t<\/div>\n\t\t<div class=\"gallery_grid_item tg_two_cols last gallery-grid-tilt\">\n\t\t\t\t\t\t\t<a class=\"tg_gallery_lightbox\" href=\"https:\/\/aubergedelatable.com\/wp-content\/uploads\/2021\/12\/241343229_4837379176372949_4767308040926990317_n.jpg\" data-thumb=\"https:\/\/aubergedelatable.com\/wp-content\/uploads\/2021\/12\/241343229_4837379176372949_4767308040926990317_n-225x300.jpg\" data-rel=\"tg_gallery2b8fde8\"  >\n\t\t\t\t\t\t\t<img decoding=\"async\"  src=\"https:\/\/aubergedelatable.com\/wp-content\/uploads\/2021\/12\/241343229_4837379176372949_4767308040926990317_n-700x466.jpg\" class=\"\" alt=\"\" \/>\n\t\t\t\t\t\t\t<\/a>\n\t\t\t\t\t<\/div>\n\t\t<div class=\"gallery_grid_item tg_two_cols  gallery-grid-tilt\">\n\t\t\t\t\t\t\t<a class=\"tg_gallery_lightbox\" href=\"https:\/\/aubergedelatable.com\/wp-content\/uploads\/2021\/12\/241513348_4837378006373066_2556189157004885462_n.jpg\" data-thumb=\"https:\/\/aubergedelatable.com\/wp-content\/uploads\/2021\/12\/241513348_4837378006373066_2556189157004885462_n-225x300.jpg\" data-rel=\"tg_gallery2b8fde8\"  >\n\t\t\t\t\t\t\t<img decoding=\"async\"  src=\"https:\/\/aubergedelatable.com\/wp-content\/uploads\/2021\/12\/241513348_4837378006373066_2556189157004885462_n-700x466.jpg\" class=\"\" alt=\"\" \/>\n\t\t\t\t\t\t\t<\/a>\n\t\t\t\t\t<\/div>\n\t\t<div class=\"gallery_grid_item tg_two_cols last gallery-grid-tilt\">\n\t\t\t\t\t\t\t<a class=\"tg_gallery_lightbox\" href=\"https:\/\/aubergedelatable.com\/wp-content\/uploads\/2021\/12\/236156665_4776930465751154_8586559450686448290_n.jpg\" data-thumb=\"https:\/\/aubergedelatable.com\/wp-content\/uploads\/2021\/12\/236156665_4776930465751154_8586559450686448290_n-300x200.jpg\" data-rel=\"tg_gallery2b8fde8\"  >\n\t\t\t\t\t\t\t<img decoding=\"async\"  src=\"https:\/\/aubergedelatable.com\/wp-content\/uploads\/2021\/12\/236156665_4776930465751154_8586559450686448290_n-700x466.jpg\" class=\"\" alt=\"\" \/>\n\t\t\t\t\t\t\t<\/a>\n\t\t\t\t\t<\/div>\n\t\t<div class=\"gallery_grid_item tg_two_cols  gallery-grid-tilt\">\n\t\t\t\t\t\t\t<a class=\"tg_gallery_lightbox\" href=\"https:\/\/aubergedelatable.com\/wp-content\/uploads\/2021\/12\/piscine-naturelle.jpg\" data-thumb=\"https:\/\/aubergedelatable.com\/wp-content\/uploads\/2021\/12\/piscine-naturelle-300x200.jpg\" data-rel=\"tg_gallery2b8fde8\"  >\n\t\t\t\t\t\t\t<img decoding=\"async\"  src=\"https:\/\/aubergedelatable.com\/wp-content\/uploads\/2021\/12\/piscine-naturelle-700x466.jpg\" class=\"\" alt=\"\" \/>\n\t\t\t\t\t\t\t<\/a>\n\t\t\t\t\t<\/div>\n\t\t<div class=\"gallery_grid_item tg_two_cols last gallery-grid-tilt\">\n\t\t\t\t\t\t\t<a class=\"tg_gallery_lightbox\" href=\"https:\/\/aubergedelatable.com\/wp-content\/uploads\/2021\/12\/grotte.jpg\" data-thumb=\"https:\/\/aubergedelatable.com\/wp-content\/uploads\/2021\/12\/grotte-300x225.jpg\" data-rel=\"tg_gallery2b8fde8\"  >\n\t\t\t\t\t\t\t<img decoding=\"async\"  src=\"https:\/\/aubergedelatable.com\/wp-content\/uploads\/2021\/12\/grotte-700x466.jpg\" class=\"\" alt=\"\" \/>\n\t\t\t\t\t\t\t<\/a>\n\t\t\t\t\t<\/div>\n\t\t<div class=\"gallery_grid_item tg_two_cols  gallery-grid-tilt\">\n\t\t\t\t\t\t\t<a class=\"tg_gallery_lightbox\" href=\"https:\/\/aubergedelatable.com\/wp-content\/uploads\/2021\/12\/flamaant-rose4.jpg\" data-thumb=\"https:\/\/aubergedelatable.com\/wp-content\/uploads\/2021\/12\/flamaant-rose4-300x158.jpg\" data-rel=\"tg_gallery2b8fde8\"  >\n\t\t\t\t\t\t\t<img decoding=\"async\"  src=\"https:\/\/aubergedelatable.com\/wp-content\/uploads\/2021\/12\/flamaant-rose4-700x466.jpg\" class=\"\" alt=\"\" \/>\n\t\t\t\t\t\t\t<\/a>\n\t\t\t\t\t<\/div>\n\t\t<div class=\"gallery_grid_item tg_two_cols last gallery-grid-tilt\">\n\t\t\t\t\t\t\t<a class=\"tg_gallery_lightbox\" href=\"https:\/\/aubergedelatable.com\/wp-content\/uploads\/2021\/12\/flamants-rose.jpg\" data-thumb=\"https:\/\/aubergedelatable.com\/wp-content\/uploads\/2021\/12\/flamants-rose-300x135.jpg\" data-rel=\"tg_gallery2b8fde8\"  >\n\t\t\t\t\t\t\t<img decoding=\"async\"  src=\"https:\/\/aubergedelatable.com\/wp-content\/uploads\/2021\/12\/flamants-rose-700x466.jpg\" class=\"\" alt=\"\" \/>\n\t\t\t\t\t\t\t<\/a>\n\t\t\t\t\t<\/div>\n<br class=\"clear\"\/>\n<\/div>\n\t\t\t\t<\/div>\n\t\t\t\t<\/div>\n\t\t\t\t<\/div>\n\t\t\t\t\t<\/div>\n\t\t\t\t<\/div>\n\t\t<div class=\"elementor-element elementor-element-390fe8a e-flex e-con-boxed e-con e-parent\" data-id=\"390fe8a\" data-element_type=\"container\" data-e-type=\"container\">\n\t\t\t\t\t<div class=\"e-con-inner\">\n\t\t\t\t<div class=\"elementor-element elementor-element-2fd71b1 elementor-widget elementor-widget-google_maps\" data-id=\"2fd71b1\" data-element_type=\"widget\" data-e-type=\"widget\" data-settings=\"{&quot;hoteller_ext_link_sidemenu&quot;:&quot;false&quot;,&quot;hoteller_ext_link_fullmenu&quot;:&quot;false&quot;,&quot;hoteller_ext_is_scrollme&quot;:&quot;false&quot;,&quot;hoteller_ext_is_smoove&quot;:&quot;false&quot;,&quot;hoteller_ext_is_parallax_mouse&quot;:&quot;false&quot;,&quot;hoteller_ext_is_infinite&quot;:&quot;false&quot;,&quot;hoteller_ext_is_fadeout_animation&quot;:&quot;false&quot;}\" data-widget_type=\"google_maps.default\">\n\t\t\t\t<div class=\"elementor-widget-container\">\n\t\t\t\t\t\t\t<div class=\"elementor-custom-embed\">\n\t\t\t<iframe loading=\"lazy\"\n\t\t\t\t\tsrc=\"https:\/\/maps.google.com\/maps?q=saint-augustin%2Ctul%C3%A9ar&#038;t=m&#038;z=12&#038;output=embed&#038;iwloc=near\"\n\t\t\t\t\ttitle=\"Saint-Augustin, Tulear\"\n\t\t\t\t\taria-label=\"Saint-Augustin, Tulear\"\n\t\t\t><\/iframe>\n\t\t<\/div>\n\t\t\t\t\t\t<\/div>\n\t\t\t\t<\/div>\n\t\t\t\t\t<\/div>\n\t\t\t\t<\/div>\n\t\t\t\t<\/div>","protected":false},"excerpt":{"rendered":"<p>Dur\u00e9e :&nbsp;Journ\u00e9e&nbsp;&nbsp; &nbsp; Activit\u00e9s : Visite des grottes de Binabe et Sarodrano:&nbsp;La grotte de Binabe a un acc\u00e8s facile \u00e0 partir de la piste de Saint-Augustin. Circuit de 40 mn avec arr\u00eat dans la grotte. Interpretations de rites animistes (offrandes), [&hellip;]<\/p>\n","protected":false},"author":1,"featured_media":0,"parent":0,"menu_order":0,"comment_status":"closed","ping_status":"closed","template":"","meta":{"footnotes":""},"class_list":["post-2949","page","type-page","status-publish","hentry"],"aioseo_notices":[],"_links":{"self":[{"href":"https:\/\/aubergedelatable.com\/en\/wp-json\/wp\/v2\/pages\/2949","targetHints":{"allow":["GET"]}}],"collection":[{"href":"https:\/\/aubergedelatable.com\/en\/wp-json\/wp\/v2\/pages"}],"about":[{"href":"https:\/\/aubergedelatable.com\/en\/wp-json\/wp\/v2\/types\/page"}],"author":[{"embeddable":true,"href":"https:\/\/aubergedelatable.com\/en\/wp-json\/wp\/v2\/users\/1"}],"replies":[{"embeddable":true,"href":"https:\/\/aubergedelatable.com\/en\/wp-json\/wp\/v2\/comments?post=2949"}],"version-history":[{"count":9,"href":"https:\/\/aubergedelatable.com\/en\/wp-json\/wp\/v2\/pages\/2949\/revisions"}],"predecessor-version":[{"id":4678,"href":"https:\/\/aubergedelatable.com\/en\/wp-json\/wp\/v2\/pages\/2949\/revisions\/4678"}],"wp:attachment":[{"href":"https:\/\/aubergedelatable.com\/en\/wp-json\/wp\/v2\/media?parent=2949"}],"curies":[{"name":"wp","href":"https:\/\/api.w.org\/{rel}","templated":true}]}}