{"id":3117,"date":"2021-12-22T10:06:12","date_gmt":"2021-12-22T09:06:12","guid":{"rendered":"https:\/\/aubergedelatable.com\/?page_id=3117"},"modified":"2025-08-14T20:09:21","modified_gmt":"2025-08-14T17:09:21","slug":"ifaty-mangily","status":"publish","type":"page","link":"https:\/\/aubergedelatable.com\/en\/ifaty-mangily\/","title":{"rendered":"Ifaty mangily"},"content":{"rendered":"<div data-elementor-type=\"wp-page\" data-elementor-id=\"3117\" class=\"elementor elementor-3117\">\n\t\t\t\t\t\t<section class=\"elementor-section elementor-top-section elementor-element elementor-element-e44f478 elementor-section-boxed elementor-section-height-default elementor-section-height-default\" data-id=\"e44f478\" data-element_type=\"section\" data-e-type=\"section\" data-settings=\"{&quot;hoteller_ext_is_background_parallax&quot;:&quot;false&quot;,&quot;hoteller_ext_is_background_on_scroll&quot;:&quot;false&quot;}\">\n\t\t\t\t\t\t<div class=\"elementor-container elementor-column-gap-default\">\n\t\t\t\t\t<div class=\"elementor-column elementor-col-100 elementor-top-column elementor-element elementor-element-4b1b3a1\" data-id=\"4b1b3a1\" data-element_type=\"column\" data-e-type=\"column\" data-settings=\"{&quot;hoteller_ext_link_sidemenu&quot;:&quot;false&quot;,&quot;hoteller_ext_link_fullmenu&quot;:&quot;false&quot;,&quot;hoteller_ext_is_scrollme&quot;:&quot;false&quot;,&quot;hoteller_ext_is_smoove&quot;:&quot;false&quot;,&quot;hoteller_ext_is_parallax_mouse&quot;:&quot;false&quot;,&quot;hoteller_ext_is_infinite&quot;:&quot;false&quot;,&quot;hoteller_ext_is_fadeout_animation&quot;:&quot;false&quot;}\">\n\t\t\t<div class=\"elementor-widget-wrap elementor-element-populated\">\n\t\t\t\t\t\t<div class=\"elementor-element elementor-element-00e1f55 elementor-widget elementor-widget-text-editor\" data-id=\"00e1f55\" data-element_type=\"widget\" data-e-type=\"widget\" data-settings=\"{&quot;hoteller_ext_link_sidemenu&quot;:&quot;false&quot;,&quot;hoteller_ext_link_fullmenu&quot;:&quot;false&quot;,&quot;hoteller_ext_is_scrollme&quot;:&quot;false&quot;,&quot;hoteller_ext_is_smoove&quot;:&quot;false&quot;,&quot;hoteller_ext_is_parallax_mouse&quot;:&quot;false&quot;,&quot;hoteller_ext_is_infinite&quot;:&quot;false&quot;,&quot;hoteller_ext_is_fadeout_animation&quot;:&quot;false&quot;}\" data-widget_type=\"text-editor.default\">\n\t\t\t\t<div class=\"elementor-widget-container\">\n\t\t\t\t\t\t\t\t\t<div class=\"yiv3247417666\">\n<div class=\"yiv6617709156\"><span class=\"yiv6617709156\">Dur\u00e9e :&nbsp;Demi Journ\u00e9e&nbsp;<\/span><\/div>\n<div class=\"yiv6617709156\">&nbsp;<\/div>\n<div class=\"yiv6617709156\"><span class=\"yiv6617709156\">Activities :<\/span><\/div>\n<ul class=\"yiv6617709156\">\n<li class=\"yiv6617709156\"><span class=\"yiv6617709156\"><b class=\"yiv6617709156\">Visit to Reniala Park:&nbsp;<\/b>Discover this private reserve which includes a botanical trail and an ornithological reserve, located in a forest of baobabs and&nbsp;<i class=\"yiv6617709156\">Didier\u00e9aceae<\/i>. You can also learn about the work of the Lemur Rescue Center set up by the NGO Reniala in partnership with the reserve.<\/span><\/li>\n<\/ul>\n<ul class=\"yiv6617709156\">\n<li class=\"yiv6617709156\"><span class=\"yiv6617709156\"><b class=\"yiv6617709156\">Beach :&nbsp;<\/b>Walk and rest at the beach.&nbsp;&nbsp;<\/span><\/li>\n<li class=\"yiv6617709156\"><b>Price :<\/b> 600,000Ar \/ 2 personnes. Le tarif inclut le&nbsp; v\u00e9hicule de transport, le droit d\u2019entr\u00e9e parc, petite collation.<span class=\"yiv6617709156\" style=\"font-size: 15px; letter-spacing: 0px;\">&nbsp; 300,000Ar \/ personne suppl\u00e9mentaire.<\/span><\/li>\n<\/ul>\n<p><span class=\"yiv3247417666\">&nbsp;<\/span><b class=\"yiv3247417666\"><i class=\"yiv3247417666\"><\/i><\/b><\/p>\n<\/div>\t\t\t\t\t\t\t\t<\/div>\n\t\t\t\t<\/div>\n\t\t\t\t\t<\/div>\n\t\t<\/div>\n\t\t\t\t\t<\/div>\n\t\t<\/section>\n\t\t\t\t<section class=\"elementor-section elementor-top-section elementor-element elementor-element-844c9a4 elementor-section-boxed elementor-section-height-default elementor-section-height-default\" data-id=\"844c9a4\" data-element_type=\"section\" data-e-type=\"section\" data-settings=\"{&quot;hoteller_ext_is_background_parallax&quot;:&quot;false&quot;,&quot;hoteller_ext_is_background_on_scroll&quot;:&quot;false&quot;}\">\n\t\t\t\t\t\t<div class=\"elementor-container elementor-column-gap-default\">\n\t\t\t\t\t<div class=\"elementor-column elementor-col-100 elementor-top-column elementor-element elementor-element-667fa28\" data-id=\"667fa28\" data-element_type=\"column\" data-e-type=\"column\" data-settings=\"{&quot;hoteller_ext_link_sidemenu&quot;:&quot;false&quot;,&quot;hoteller_ext_link_fullmenu&quot;:&quot;false&quot;,&quot;hoteller_ext_is_scrollme&quot;:&quot;false&quot;,&quot;hoteller_ext_is_smoove&quot;:&quot;false&quot;,&quot;hoteller_ext_is_parallax_mouse&quot;:&quot;false&quot;,&quot;hoteller_ext_is_infinite&quot;:&quot;false&quot;,&quot;hoteller_ext_is_fadeout_animation&quot;:&quot;false&quot;}\">\n\t\t\t<div class=\"elementor-widget-wrap elementor-element-populated\">\n\t\t\t\t\t\t<div class=\"elementor-element elementor-element-4948db5 elementor-widget elementor-widget-hoteller-gallery-grid\" data-id=\"4948db5\" data-element_type=\"widget\" data-e-type=\"widget\" data-settings=\"{&quot;hoteller_ext_link_sidemenu&quot;:&quot;false&quot;,&quot;hoteller_ext_link_fullmenu&quot;:&quot;false&quot;,&quot;hoteller_ext_is_scrollme&quot;:&quot;false&quot;,&quot;hoteller_ext_is_smoove&quot;:&quot;false&quot;,&quot;hoteller_ext_is_parallax_mouse&quot;:&quot;false&quot;,&quot;hoteller_ext_is_infinite&quot;:&quot;false&quot;,&quot;hoteller_ext_is_fadeout_animation&quot;:&quot;false&quot;}\" data-widget_type=\"hoteller-gallery-grid.default\">\n\t\t\t\t<div class=\"elementor-widget-container\">\n\t\t\t\t\t<div class=\"gallery_grid_content_wrapper layout_tg_one_cols\">\n\t\t<div class=\"gallery_grid_item tg_one_cols last gallery-grid-tilt\">\n\t\t\t\t\t\t\t<a class=\"tg_gallery_lightbox\" href=\"https:\/\/aubergedelatable.com\/wp-content\/uploads\/2022\/01\/AnyConv.com__baobab.jpeg\" data-thumb=\"https:\/\/aubergedelatable.com\/wp-content\/uploads\/2022\/01\/AnyConv.com__baobab-300x201.jpeg\" data-rel=\"tg_gallery4948db5\"  >\n\t\t\t\t\t\t\t<img decoding=\"async\"  src=\"https:\/\/aubergedelatable.com\/wp-content\/uploads\/2022\/01\/AnyConv.com__baobab.jpeg\" class=\"\" alt=\"\" \/>\n\t\t\t\t\t\t\t<\/a>\n\t\t\t\t\t<\/div>\n\t\t<div class=\"gallery_grid_item tg_one_cols last gallery-grid-tilt\">\n\t\t\t\t\t\t\t<a class=\"tg_gallery_lightbox\" href=\"https:\/\/aubergedelatable.com\/wp-content\/uploads\/2021\/12\/animaux_ifaty172_redimensionner.jpeg\" data-thumb=\"https:\/\/aubergedelatable.com\/wp-content\/uploads\/2021\/12\/animaux_ifaty172_redimensionner-300x200.jpeg\" data-rel=\"tg_gallery4948db5\"  >\n\t\t\t\t\t\t\t<img decoding=\"async\"  src=\"https:\/\/aubergedelatable.com\/wp-content\/uploads\/2021\/12\/animaux_ifaty172_redimensionner.jpeg\" class=\"\" alt=\"\" \/>\n\t\t\t\t\t\t\t<\/a>\n\t\t\t\t\t<\/div>\n<br class=\"clear\"\/>\n<\/div>\n\t\t\t\t<\/div>\n\t\t\t\t<\/div>\n\t\t\t\t\t<\/div>\n\t\t<\/div>\n\t\t\t\t\t<\/div>\n\t\t<\/section>\n\t\t\t\t<section class=\"elementor-section elementor-top-section elementor-element elementor-element-ae075eb elementor-section-boxed elementor-section-height-default elementor-section-height-default\" data-id=\"ae075eb\" data-element_type=\"section\" data-e-type=\"section\" data-settings=\"{&quot;hoteller_ext_is_background_parallax&quot;:&quot;false&quot;,&quot;hoteller_ext_is_background_on_scroll&quot;:&quot;false&quot;}\">\n\t\t\t\t\t\t<div class=\"elementor-container elementor-column-gap-default\">\n\t\t\t\t\t<div class=\"elementor-column elementor-col-100 elementor-top-column elementor-element elementor-element-c7cf49f\" data-id=\"c7cf49f\" data-element_type=\"column\" data-e-type=\"column\" data-settings=\"{&quot;hoteller_ext_link_sidemenu&quot;:&quot;false&quot;,&quot;hoteller_ext_link_fullmenu&quot;:&quot;false&quot;,&quot;hoteller_ext_is_scrollme&quot;:&quot;false&quot;,&quot;hoteller_ext_is_smoove&quot;:&quot;false&quot;,&quot;hoteller_ext_is_parallax_mouse&quot;:&quot;false&quot;,&quot;hoteller_ext_is_infinite&quot;:&quot;false&quot;,&quot;hoteller_ext_is_fadeout_animation&quot;:&quot;false&quot;}\">\n\t\t\t<div class=\"elementor-widget-wrap elementor-element-populated\">\n\t\t\t\t\t\t<div class=\"elementor-element elementor-element-933c03f elementor-widget elementor-widget-google_maps\" data-id=\"933c03f\" data-element_type=\"widget\" data-e-type=\"widget\" data-settings=\"{&quot;hoteller_ext_link_sidemenu&quot;:&quot;false&quot;,&quot;hoteller_ext_link_fullmenu&quot;:&quot;false&quot;,&quot;hoteller_ext_is_scrollme&quot;:&quot;false&quot;,&quot;hoteller_ext_is_smoove&quot;:&quot;false&quot;,&quot;hoteller_ext_is_parallax_mouse&quot;:&quot;false&quot;,&quot;hoteller_ext_is_infinite&quot;:&quot;false&quot;,&quot;hoteller_ext_is_fadeout_animation&quot;:&quot;false&quot;}\" data-widget_type=\"google_maps.default\">\n\t\t\t\t<div class=\"elementor-widget-container\">\n\t\t\t\t\t\t\t<div class=\"elementor-custom-embed\">\n\t\t\t<iframe loading=\"lazy\"\n\t\t\t\t\tsrc=\"https:\/\/maps.google.com\/maps?q=reniala%2Cifaty%2Ctul%C3%A9ar&#038;t=m&#038;z=13&#038;output=embed&#038;iwloc=near\"\n\t\t\t\t\ttitle=\"Reniala, Ifaty, Tulear\"\n\t\t\t\t\taria-label=\"Reniala, Ifaty, Tulear\"\n\t\t\t><\/iframe>\n\t\t<\/div>\n\t\t\t\t\t\t<\/div>\n\t\t\t\t<\/div>\n\t\t\t\t\t<\/div>\n\t\t<\/div>\n\t\t\t\t\t<\/div>\n\t\t<\/section>\n\t\t\t\t<\/div>","protected":false},"excerpt":{"rendered":"<p>Dur\u00e9e :&nbsp;Demi Journ\u00e9e&nbsp; &nbsp; Activit\u00e9s : Visite du parc Reniala :&nbsp;D\u00e9couvrez cette r\u00e9serve priv\u00e9e qui regroupe un sentier botanique et une r\u00e9serve ornithologique, situ\u00e9e dans une for\u00eat de baobabs et de&nbsp;Didier\u00e9ac\u00e9es. Vous pouvez \u00e9galement prendre connaissance du travail du Lemur [&hellip;]<\/p>\n","protected":false},"author":1,"featured_media":0,"parent":0,"menu_order":0,"comment_status":"closed","ping_status":"closed","template":"","meta":{"footnotes":""},"class_list":["post-3117","page","type-page","status-publish","hentry"],"aioseo_notices":[],"_links":{"self":[{"href":"https:\/\/aubergedelatable.com\/en\/wp-json\/wp\/v2\/pages\/3117","targetHints":{"allow":["GET"]}}],"collection":[{"href":"https:\/\/aubergedelatable.com\/en\/wp-json\/wp\/v2\/pages"}],"about":[{"href":"https:\/\/aubergedelatable.com\/en\/wp-json\/wp\/v2\/types\/page"}],"author":[{"embeddable":true,"href":"https:\/\/aubergedelatable.com\/en\/wp-json\/wp\/v2\/users\/1"}],"replies":[{"embeddable":true,"href":"https:\/\/aubergedelatable.com\/en\/wp-json\/wp\/v2\/comments?post=3117"}],"version-history":[{"count":9,"href":"https:\/\/aubergedelatable.com\/en\/wp-json\/wp\/v2\/pages\/3117\/revisions"}],"predecessor-version":[{"id":4668,"href":"https:\/\/aubergedelatable.com\/en\/wp-json\/wp\/v2\/pages\/3117\/revisions\/4668"}],"wp:attachment":[{"href":"https:\/\/aubergedelatable.com\/en\/wp-json\/wp\/v2\/media?parent=3117"}],"curies":[{"name":"wp","href":"https:\/\/api.w.org\/{rel}","templated":true}]}}