{"id":455,"date":"2018-06-21T09:50:01","date_gmt":"2018-06-21T09:50:01","guid":{"rendered":"https:\/\/themes.themegoods.com\/hoteller\/luxury\/?page_id=455"},"modified":"2024-03-20T10:35:10","modified_gmt":"2024-03-20T07:35:10","slug":"our-menus","status":"publish","type":"page","link":"https:\/\/aubergedelatable.com\/en\/our-menus\/","title":{"rendered":"Our menus"},"content":{"rendered":"<div data-elementor-type=\"wp-post\" data-elementor-id=\"455\" class=\"elementor elementor-455\">\n\t\t\t\t\t\t<section class=\"elementor-section elementor-top-section elementor-element elementor-element-382054b9 elementor-section-stretched elementor-section-height-min-height elementor-section-full_width elementor-section-height-default elementor-section-items-middle\" data-id=\"382054b9\" data-element_type=\"section\" data-e-type=\"section\" data-settings=\"{&quot;stretch_section&quot;:&quot;section-stretched&quot;,&quot;background_background&quot;:&quot;classic&quot;,&quot;hoteller_ext_is_background_parallax&quot;:&quot;false&quot;,&quot;hoteller_ext_is_background_on_scroll&quot;:&quot;false&quot;}\">\n\t\t\t\t\t\t\t<div class=\"elementor-background-overlay\"><\/div>\n\t\t\t\t\t\t\t<div class=\"elementor-container elementor-column-gap-default\">\n\t\t\t\t\t<div class=\"elementor-column elementor-col-100 elementor-top-column elementor-element elementor-element-32fe08ab\" data-id=\"32fe08ab\" data-element_type=\"column\" data-e-type=\"column\" data-settings=\"{&quot;hoteller_ext_link_sidemenu&quot;:&quot;false&quot;,&quot;hoteller_ext_link_fullmenu&quot;:&quot;false&quot;,&quot;hoteller_ext_is_scrollme&quot;:&quot;false&quot;,&quot;hoteller_ext_is_smoove&quot;:&quot;false&quot;,&quot;hoteller_ext_is_parallax_mouse&quot;:&quot;false&quot;,&quot;hoteller_ext_is_infinite&quot;:&quot;false&quot;,&quot;hoteller_ext_is_fadeout_animation&quot;:&quot;false&quot;}\">\n\t\t\t<div class=\"elementor-widget-wrap elementor-element-populated\">\n\t\t\t\t\t\t<div class=\"elementor-element elementor-element-120fa92f elementor-invisible elementor-widget elementor-widget-heading\" data-id=\"120fa92f\" data-element_type=\"widget\" data-e-type=\"widget\" data-settings=\"{&quot;_animation&quot;:&quot;fadeInUp&quot;,&quot;hoteller_ext_link_sidemenu&quot;:&quot;false&quot;,&quot;hoteller_ext_link_fullmenu&quot;:&quot;false&quot;,&quot;hoteller_ext_is_scrollme&quot;:&quot;false&quot;,&quot;hoteller_ext_is_smoove&quot;:&quot;false&quot;,&quot;hoteller_ext_is_parallax_mouse&quot;:&quot;false&quot;,&quot;hoteller_ext_is_infinite&quot;:&quot;false&quot;,&quot;hoteller_ext_is_fadeout_animation&quot;:&quot;false&quot;}\" data-widget_type=\"heading.default\">\n\t\t\t\t<div class=\"elementor-widget-container\">\n\t\t\t\t\t<h1 class=\"elementor-heading-title elementor-size-default\">Our restaurant<\/h1>\t\t\t\t<\/div>\n\t\t\t\t<\/div>\n\t\t\t\t<div class=\"elementor-element elementor-element-5a1aa0a2 elementor-invisible elementor-widget elementor-widget-heading\" data-id=\"5a1aa0a2\" data-element_type=\"widget\" data-e-type=\"widget\" data-settings=\"{&quot;_animation&quot;:&quot;fadeInUp&quot;,&quot;_animation_delay&quot;:400,&quot;hoteller_ext_link_sidemenu&quot;:&quot;false&quot;,&quot;hoteller_ext_link_fullmenu&quot;:&quot;false&quot;,&quot;hoteller_ext_is_scrollme&quot;:&quot;false&quot;,&quot;hoteller_ext_is_smoove&quot;:&quot;false&quot;,&quot;hoteller_ext_is_parallax_mouse&quot;:&quot;false&quot;,&quot;hoteller_ext_is_infinite&quot;:&quot;false&quot;,&quot;hoteller_ext_is_fadeout_animation&quot;:&quot;false&quot;}\" data-widget_type=\"heading.default\">\n\t\t\t\t<div class=\"elementor-widget-container\">\n\t\t\t\t\t<h5 class=\"elementor-heading-title elementor-size-default\">At your service, for your taste pleasure<\/h5>\t\t\t\t<\/div>\n\t\t\t\t<\/div>\n\t\t\t\t\t<\/div>\n\t\t<\/div>\n\t\t\t\t\t<\/div>\n\t\t<\/section>\n\t\t\t\t<section class=\"elementor-section elementor-top-section elementor-element elementor-element-516b1d3 elementor-section-boxed elementor-section-height-default elementor-section-height-default elementor-invisible\" data-id=\"516b1d3\" data-element_type=\"section\" data-e-type=\"section\" data-settings=\"{&quot;animation&quot;:&quot;fadeInUp&quot;,&quot;animation_delay&quot;:400,&quot;hoteller_ext_is_background_parallax&quot;:&quot;false&quot;,&quot;hoteller_ext_is_background_on_scroll&quot;:&quot;false&quot;}\">\n\t\t\t\t\t\t<div class=\"elementor-container elementor-column-gap-wider\">\n\t\t\t\t\t<div class=\"elementor-column elementor-col-50 elementor-top-column elementor-element elementor-element-5eb4d72\" data-id=\"5eb4d72\" data-element_type=\"column\" data-e-type=\"column\" data-settings=\"{&quot;hoteller_ext_link_sidemenu&quot;:&quot;false&quot;,&quot;hoteller_ext_link_fullmenu&quot;:&quot;false&quot;,&quot;hoteller_ext_is_scrollme&quot;:&quot;false&quot;,&quot;hoteller_ext_is_smoove&quot;:&quot;false&quot;,&quot;hoteller_ext_is_parallax_mouse&quot;:&quot;false&quot;,&quot;hoteller_ext_is_infinite&quot;:&quot;false&quot;,&quot;hoteller_ext_is_fadeout_animation&quot;:&quot;false&quot;}\">\n\t\t\t<div class=\"elementor-widget-wrap elementor-element-populated\">\n\t\t\t\t\t\t<div class=\"elementor-element elementor-element-66e71b7 elementor-widget elementor-widget-text-editor\" data-id=\"66e71b7\" data-element_type=\"widget\" data-e-type=\"widget\" data-settings=\"{&quot;hoteller_ext_link_sidemenu&quot;:&quot;false&quot;,&quot;hoteller_ext_link_fullmenu&quot;:&quot;false&quot;,&quot;hoteller_ext_is_scrollme&quot;:&quot;false&quot;,&quot;hoteller_ext_is_smoove&quot;:&quot;false&quot;,&quot;hoteller_ext_is_parallax_mouse&quot;:&quot;false&quot;,&quot;hoteller_ext_is_infinite&quot;:&quot;false&quot;,&quot;hoteller_ext_is_fadeout_animation&quot;:&quot;false&quot;}\" data-widget_type=\"text-editor.default\">\n\t\t\t\t<div class=\"elementor-widget-container\">\n\t\t\t\t\t\t\t\t\t<p><span style=\"font-weight: 400;\">Enjoy delicious, varied cuisine, <\/span><span style=\"font-weight: 400;\">bien \u00e9videment <\/span><span style=\"font-weight: 400;\">prepared with fresh local produce. Discover the richness of Madagascar's fruits and vegetables, which will surprise and delight you. We offer a range of dishes to suit all palates, including those following a vegetarian diet.<\/span><\/p>\t\t\t\t\t\t\t\t<\/div>\n\t\t\t\t<\/div>\n\t\t\t\t\t<\/div>\n\t\t<\/div>\n\t\t\t\t<div class=\"elementor-column elementor-col-50 elementor-top-column elementor-element elementor-element-cd8ca46\" data-id=\"cd8ca46\" data-element_type=\"column\" data-e-type=\"column\" data-settings=\"{&quot;hoteller_ext_link_sidemenu&quot;:&quot;false&quot;,&quot;hoteller_ext_link_fullmenu&quot;:&quot;false&quot;,&quot;hoteller_ext_is_scrollme&quot;:&quot;false&quot;,&quot;hoteller_ext_is_smoove&quot;:&quot;false&quot;,&quot;hoteller_ext_is_parallax_mouse&quot;:&quot;false&quot;,&quot;hoteller_ext_is_infinite&quot;:&quot;false&quot;,&quot;hoteller_ext_is_fadeout_animation&quot;:&quot;false&quot;}\">\n\t\t\t<div class=\"elementor-widget-wrap elementor-element-populated\">\n\t\t\t\t\t\t<div class=\"elementor-element elementor-element-8d79122 elementor-widget elementor-widget-text-editor\" data-id=\"8d79122\" data-element_type=\"widget\" data-e-type=\"widget\" data-settings=\"{&quot;hoteller_ext_link_sidemenu&quot;:&quot;false&quot;,&quot;hoteller_ext_link_fullmenu&quot;:&quot;false&quot;,&quot;hoteller_ext_is_scrollme&quot;:&quot;false&quot;,&quot;hoteller_ext_is_smoove&quot;:&quot;false&quot;,&quot;hoteller_ext_is_parallax_mouse&quot;:&quot;false&quot;,&quot;hoteller_ext_is_infinite&quot;:&quot;false&quot;,&quot;hoteller_ext_is_fadeout_animation&quot;:&quot;false&quot;}\" data-widget_type=\"text-editor.default\">\n\t\t\t\t<div class=\"elementor-widget-container\">\n\t\t\t\t\t\t\t\t\t<p><span style=\"font-weight: 400;\">Discover our culinary delights in our three unique spaces, where you can savor our specialties as well as classic dishes. You can also enjoy our continental breakfast, which can be customized according to your preferences. Add a touch of pleasure by sampling our delicious homemade goat's cheese, for example.<\/span><\/p>\t\t\t\t\t\t\t\t<\/div>\n\t\t\t\t<\/div>\n\t\t\t\t\t<\/div>\n\t\t<\/div>\n\t\t\t\t\t<\/div>\n\t\t<\/section>\n\t\t\t\t<section class=\"elementor-section elementor-top-section elementor-element elementor-element-8ac06f0 elementor-section-boxed elementor-section-height-default elementor-section-height-default\" data-id=\"8ac06f0\" data-element_type=\"section\" data-e-type=\"section\" data-settings=\"{&quot;hoteller_ext_is_background_parallax&quot;:&quot;false&quot;,&quot;hoteller_ext_is_background_on_scroll&quot;:&quot;false&quot;}\">\n\t\t\t\t\t\t<div class=\"elementor-container elementor-column-gap-default\">\n\t\t\t\t\t<div class=\"elementor-column elementor-col-100 elementor-top-column elementor-element elementor-element-334e45a\" data-id=\"334e45a\" data-element_type=\"column\" data-e-type=\"column\" data-settings=\"{&quot;hoteller_ext_link_sidemenu&quot;:&quot;false&quot;,&quot;hoteller_ext_link_fullmenu&quot;:&quot;false&quot;,&quot;hoteller_ext_is_scrollme&quot;:&quot;false&quot;,&quot;hoteller_ext_is_smoove&quot;:&quot;false&quot;,&quot;hoteller_ext_is_parallax_mouse&quot;:&quot;false&quot;,&quot;hoteller_ext_is_infinite&quot;:&quot;false&quot;,&quot;hoteller_ext_is_fadeout_animation&quot;:&quot;false&quot;}\">\n\t\t\t<div class=\"elementor-widget-wrap elementor-element-populated\">\n\t\t\t\t\t\t<div class=\"elementor-element elementor-element-b564da1 gallery-spacing-custom elementor-widget elementor-widget-image-gallery\" data-id=\"b564da1\" data-element_type=\"widget\" data-e-type=\"widget\" data-settings=\"{&quot;hoteller_ext_link_sidemenu&quot;:&quot;false&quot;,&quot;hoteller_ext_link_fullmenu&quot;:&quot;false&quot;,&quot;hoteller_ext_is_scrollme&quot;:&quot;false&quot;,&quot;hoteller_ext_is_smoove&quot;:&quot;false&quot;,&quot;hoteller_ext_is_parallax_mouse&quot;:&quot;false&quot;,&quot;hoteller_ext_is_infinite&quot;:&quot;false&quot;,&quot;hoteller_ext_is_fadeout_animation&quot;:&quot;false&quot;}\" data-widget_type=\"image-gallery.default\">\n\t\t\t\t<div class=\"elementor-widget-container\">\n\t\t\t\t\t\t\t<div class=\"elementor-image-gallery\">\n\t\t\t\n\t\t<style type=\"text\/css\">\n\t\t\t#gallery-1 {\n\t\t\t\tmargin: auto;\n\t\t\t}\n\t\t\t#gallery-1 .gallery-item {\n\t\t\t\tfloat: left;\n\t\t\t\tmargin-top: 10px;\n\t\t\t\ttext-align: center;\n\t\t\t\twidth: 33%;\n\t\t\t}\n\t\t\t#gallery-1 img {\n\t\t\t\tborder: 2px solid #cfcfcf;\n\t\t\t}\n\t\t\t#gallery-1 .gallery-caption {\n\t\t\t\tmargin-left: 0;\n\t\t\t}\n\t\t\t\/* see gallery_shortcode() in wp-includes\/media.php *\/\n\t\t<\/style>\n\t\t<div id='gallery-1' class='gallery galleryid-455 gallery-columns-3 gallery-size-large'><dl class='gallery-item'>\n\t\t\t<dt class='gallery-icon landscape'>\n\t\t\t\t<a data-elementor-open-lightbox=\"yes\" data-elementor-lightbox-slideshow=\"b564da1\" data-elementor-lightbox-title=\"lobby-restaurant (1)\" data-e-action-hash=\"#elementor-action%3Aaction%3Dlightbox%26settings%3DeyJpZCI6MjcxMCwidXJsIjoiaHR0cHM6XC9cL2F1YmVyZ2VkZWxhdGFibGUuY29tXC93cC1jb250ZW50XC91cGxvYWRzXC8yMDIxXC8xMlwvbG9iYnktcmVzdGF1cmFudC0xLmpwZyIsInNsaWRlc2hvdyI6ImI1NjRkYTEifQ%3D%3D\" href='https:\/\/aubergedelatable.com\/wp-content\/uploads\/2021\/12\/lobby-restaurant-1.jpg'><img fetchpriority=\"high\" decoding=\"async\" width=\"1024\" height=\"682\" src=\"https:\/\/aubergedelatable.com\/wp-content\/uploads\/2021\/12\/lobby-restaurant-1-1024x682.jpg\" class=\"attachment-large size-large\" alt=\"\" srcset=\"https:\/\/aubergedelatable.com\/wp-content\/uploads\/2021\/12\/lobby-restaurant-1-1024x682.jpg 1024w, https:\/\/aubergedelatable.com\/wp-content\/uploads\/2021\/12\/lobby-restaurant-1-600x399.jpg 600w, https:\/\/aubergedelatable.com\/wp-content\/uploads\/2021\/12\/lobby-restaurant-1-300x200.jpg 300w, https:\/\/aubergedelatable.com\/wp-content\/uploads\/2021\/12\/lobby-restaurant-1-768x511.jpg 768w, https:\/\/aubergedelatable.com\/wp-content\/uploads\/2021\/12\/lobby-restaurant-1-1536x1022.jpg 1536w, https:\/\/aubergedelatable.com\/wp-content\/uploads\/2021\/12\/lobby-restaurant-1-700x466.jpg 700w, https:\/\/aubergedelatable.com\/wp-content\/uploads\/2021\/12\/lobby-restaurant-1-440x293.jpg 440w, https:\/\/aubergedelatable.com\/wp-content\/uploads\/2021\/12\/lobby-restaurant-1.jpg 2048w\" sizes=\"(max-width: 1024px) 100vw, 1024px\" \/><\/a>\n\t\t\t<\/dt><\/dl><dl class='gallery-item'>\n\t\t\t<dt class='gallery-icon landscape'>\n\t\t\t\t<a data-elementor-open-lightbox=\"yes\" data-elementor-lightbox-slideshow=\"b564da1\" data-elementor-lightbox-title=\"lobby-restaurant (52)\" data-e-action-hash=\"#elementor-action%3Aaction%3Dlightbox%26settings%3DeyJpZCI6MjczMCwidXJsIjoiaHR0cHM6XC9cL2F1YmVyZ2VkZWxhdGFibGUuY29tXC93cC1jb250ZW50XC91cGxvYWRzXC8yMDIxXC8xMlwvbG9iYnktcmVzdGF1cmFudC01Mi5qcGciLCJzbGlkZXNob3ciOiJiNTY0ZGExIn0%3D\" href='https:\/\/aubergedelatable.com\/wp-content\/uploads\/2021\/12\/lobby-restaurant-52.jpg'><img decoding=\"async\" width=\"1024\" height=\"682\" src=\"https:\/\/aubergedelatable.com\/wp-content\/uploads\/2021\/12\/lobby-restaurant-52-1024x682.jpg\" class=\"attachment-large size-large\" alt=\"\" srcset=\"https:\/\/aubergedelatable.com\/wp-content\/uploads\/2021\/12\/lobby-restaurant-52-1024x682.jpg 1024w, https:\/\/aubergedelatable.com\/wp-content\/uploads\/2021\/12\/lobby-restaurant-52-600x399.jpg 600w, https:\/\/aubergedelatable.com\/wp-content\/uploads\/2021\/12\/lobby-restaurant-52-300x200.jpg 300w, https:\/\/aubergedelatable.com\/wp-content\/uploads\/2021\/12\/lobby-restaurant-52-768x511.jpg 768w, https:\/\/aubergedelatable.com\/wp-content\/uploads\/2021\/12\/lobby-restaurant-52-1536x1022.jpg 1536w, https:\/\/aubergedelatable.com\/wp-content\/uploads\/2021\/12\/lobby-restaurant-52-700x466.jpg 700w, https:\/\/aubergedelatable.com\/wp-content\/uploads\/2021\/12\/lobby-restaurant-52-440x293.jpg 440w, https:\/\/aubergedelatable.com\/wp-content\/uploads\/2021\/12\/lobby-restaurant-52.jpg 2048w\" sizes=\"(max-width: 1024px) 100vw, 1024px\" \/><\/a>\n\t\t\t<\/dt><\/dl><dl class='gallery-item'>\n\t\t\t<dt class='gallery-icon landscape'>\n\t\t\t\t<a data-elementor-open-lightbox=\"yes\" data-elementor-lightbox-slideshow=\"b564da1\" data-elementor-lightbox-title=\"piscine (30)\" data-e-action-hash=\"#elementor-action%3Aaction%3Dlightbox%26settings%3DeyJpZCI6MjczNywidXJsIjoiaHR0cHM6XC9cL2F1YmVyZ2VkZWxhdGFibGUuY29tXC93cC1jb250ZW50XC91cGxvYWRzXC8yMDIxXC8xMlwvcGlzY2luZS0zMC5qcGciLCJzbGlkZXNob3ciOiJiNTY0ZGExIn0%3D\" href='https:\/\/aubergedelatable.com\/wp-content\/uploads\/2021\/12\/piscine-30.jpg'><img decoding=\"async\" width=\"1024\" height=\"682\" src=\"https:\/\/aubergedelatable.com\/wp-content\/uploads\/2021\/12\/piscine-30-1024x682.jpg\" class=\"attachment-large size-large\" alt=\"\" srcset=\"https:\/\/aubergedelatable.com\/wp-content\/uploads\/2021\/12\/piscine-30-1024x682.jpg 1024w, https:\/\/aubergedelatable.com\/wp-content\/uploads\/2021\/12\/piscine-30-600x399.jpg 600w, https:\/\/aubergedelatable.com\/wp-content\/uploads\/2021\/12\/piscine-30-300x200.jpg 300w, https:\/\/aubergedelatable.com\/wp-content\/uploads\/2021\/12\/piscine-30-768x511.jpg 768w, https:\/\/aubergedelatable.com\/wp-content\/uploads\/2021\/12\/piscine-30-1536x1022.jpg 1536w, https:\/\/aubergedelatable.com\/wp-content\/uploads\/2021\/12\/piscine-30-700x466.jpg 700w, https:\/\/aubergedelatable.com\/wp-content\/uploads\/2021\/12\/piscine-30-440x293.jpg 440w, https:\/\/aubergedelatable.com\/wp-content\/uploads\/2021\/12\/piscine-30.jpg 2048w\" sizes=\"(max-width: 1024px) 100vw, 1024px\" \/><\/a>\n\t\t\t<\/dt><\/dl><br style=\"clear: both\" \/><dl class='gallery-item'>\n\t\t\t<dt class='gallery-icon landscape'>\n\t\t\t\t<a data-elementor-open-lightbox=\"yes\" data-elementor-lightbox-slideshow=\"b564da1\" data-elementor-lightbox-title=\"piscine (8)\" data-e-action-hash=\"#elementor-action%3Aaction%3Dlightbox%26settings%3DeyJpZCI6MjczMywidXJsIjoiaHR0cHM6XC9cL2F1YmVyZ2VkZWxhdGFibGUuY29tXC93cC1jb250ZW50XC91cGxvYWRzXC8yMDIxXC8xMlwvcGlzY2luZS04LmpwZyIsInNsaWRlc2hvdyI6ImI1NjRkYTEifQ%3D%3D\" href='https:\/\/aubergedelatable.com\/wp-content\/uploads\/2021\/12\/piscine-8.jpg'><img loading=\"lazy\" decoding=\"async\" width=\"1024\" height=\"682\" src=\"https:\/\/aubergedelatable.com\/wp-content\/uploads\/2021\/12\/piscine-8-1024x682.jpg\" class=\"attachment-large size-large\" alt=\"\" srcset=\"https:\/\/aubergedelatable.com\/wp-content\/uploads\/2021\/12\/piscine-8-1024x682.jpg 1024w, https:\/\/aubergedelatable.com\/wp-content\/uploads\/2021\/12\/piscine-8-600x399.jpg 600w, https:\/\/aubergedelatable.com\/wp-content\/uploads\/2021\/12\/piscine-8-300x200.jpg 300w, https:\/\/aubergedelatable.com\/wp-content\/uploads\/2021\/12\/piscine-8-768x511.jpg 768w, https:\/\/aubergedelatable.com\/wp-content\/uploads\/2021\/12\/piscine-8-1536x1022.jpg 1536w, https:\/\/aubergedelatable.com\/wp-content\/uploads\/2021\/12\/piscine-8-700x466.jpg 700w, https:\/\/aubergedelatable.com\/wp-content\/uploads\/2021\/12\/piscine-8-440x293.jpg 440w, https:\/\/aubergedelatable.com\/wp-content\/uploads\/2021\/12\/piscine-8.jpg 2048w\" sizes=\"(max-width: 1024px) 100vw, 1024px\" \/><\/a>\n\t\t\t<\/dt><\/dl><dl class='gallery-item'>\n\t\t\t<dt class='gallery-icon landscape'>\n\t\t\t\t<a data-elementor-open-lightbox=\"yes\" data-elementor-lightbox-slideshow=\"b564da1\" data-elementor-lightbox-title=\"lobby-restaurant (36)\" data-e-action-hash=\"#elementor-action%3Aaction%3Dlightbox%26settings%3DeyJpZCI6MjcyNywidXJsIjoiaHR0cHM6XC9cL2F1YmVyZ2VkZWxhdGFibGUuY29tXC93cC1jb250ZW50XC91cGxvYWRzXC8yMDIxXC8xMlwvbG9iYnktcmVzdGF1cmFudC0zNi5qcGciLCJzbGlkZXNob3ciOiJiNTY0ZGExIn0%3D\" data-elementor-lightbox-description=\"Lobby restaurant | Auberge de la table\" href='https:\/\/aubergedelatable.com\/wp-content\/uploads\/2021\/12\/lobby-restaurant-36.jpg'><img loading=\"lazy\" decoding=\"async\" width=\"1024\" height=\"682\" src=\"https:\/\/aubergedelatable.com\/wp-content\/uploads\/2021\/12\/lobby-restaurant-36-1024x682.jpg\" class=\"attachment-large size-large\" alt=\"Lobby restaurant | Auberge de la table\" srcset=\"https:\/\/aubergedelatable.com\/wp-content\/uploads\/2021\/12\/lobby-restaurant-36-1024x682.jpg 1024w, https:\/\/aubergedelatable.com\/wp-content\/uploads\/2021\/12\/lobby-restaurant-36-600x399.jpg 600w, https:\/\/aubergedelatable.com\/wp-content\/uploads\/2021\/12\/lobby-restaurant-36-300x200.jpg 300w, https:\/\/aubergedelatable.com\/wp-content\/uploads\/2021\/12\/lobby-restaurant-36-768x511.jpg 768w, https:\/\/aubergedelatable.com\/wp-content\/uploads\/2021\/12\/lobby-restaurant-36-1536x1022.jpg 1536w, https:\/\/aubergedelatable.com\/wp-content\/uploads\/2021\/12\/lobby-restaurant-36-700x466.jpg 700w, https:\/\/aubergedelatable.com\/wp-content\/uploads\/2021\/12\/lobby-restaurant-36-440x293.jpg 440w, https:\/\/aubergedelatable.com\/wp-content\/uploads\/2021\/12\/lobby-restaurant-36.jpg 2048w\" sizes=\"(max-width: 1024px) 100vw, 1024px\" \/><\/a>\n\t\t\t<\/dt><\/dl><dl class='gallery-item'>\n\t\t\t<dt class='gallery-icon landscape'>\n\t\t\t\t<a data-elementor-open-lightbox=\"yes\" data-elementor-lightbox-slideshow=\"b564da1\" data-elementor-lightbox-title=\"lobby-restaurant (54)\" data-e-action-hash=\"#elementor-action%3Aaction%3Dlightbox%26settings%3DeyJpZCI6MjczMSwidXJsIjoiaHR0cHM6XC9cL2F1YmVyZ2VkZWxhdGFibGUuY29tXC93cC1jb250ZW50XC91cGxvYWRzXC8yMDIxXC8xMlwvbG9iYnktcmVzdGF1cmFudC01NC5qcGciLCJzbGlkZXNob3ciOiJiNTY0ZGExIn0%3D\" data-elementor-lightbox-description=\"Lobby restaurant | Auberge de la table\" href='https:\/\/aubergedelatable.com\/wp-content\/uploads\/2021\/12\/lobby-restaurant-54.jpg'><img loading=\"lazy\" decoding=\"async\" width=\"1024\" height=\"682\" src=\"https:\/\/aubergedelatable.com\/wp-content\/uploads\/2021\/12\/lobby-restaurant-54-1024x682.jpg\" class=\"attachment-large size-large\" alt=\"\" srcset=\"https:\/\/aubergedelatable.com\/wp-content\/uploads\/2021\/12\/lobby-restaurant-54-1024x682.jpg 1024w, https:\/\/aubergedelatable.com\/wp-content\/uploads\/2021\/12\/lobby-restaurant-54-600x399.jpg 600w, https:\/\/aubergedelatable.com\/wp-content\/uploads\/2021\/12\/lobby-restaurant-54-300x200.jpg 300w, https:\/\/aubergedelatable.com\/wp-content\/uploads\/2021\/12\/lobby-restaurant-54-768x511.jpg 768w, https:\/\/aubergedelatable.com\/wp-content\/uploads\/2021\/12\/lobby-restaurant-54-1536x1022.jpg 1536w, https:\/\/aubergedelatable.com\/wp-content\/uploads\/2021\/12\/lobby-restaurant-54-700x466.jpg 700w, https:\/\/aubergedelatable.com\/wp-content\/uploads\/2021\/12\/lobby-restaurant-54-440x293.jpg 440w, https:\/\/aubergedelatable.com\/wp-content\/uploads\/2021\/12\/lobby-restaurant-54.jpg 2048w\" sizes=\"(max-width: 1024px) 100vw, 1024px\" \/><\/a>\n\t\t\t<\/dt><\/dl><br style=\"clear: both\" \/><dl class='gallery-item'>\n\t\t\t<dt class='gallery-icon landscape'>\n\t\t\t\t<a data-elementor-open-lightbox=\"yes\" data-elementor-lightbox-slideshow=\"b564da1\" data-elementor-lightbox-title=\"roof top (16)\" data-e-action-hash=\"#elementor-action%3Aaction%3Dlightbox%26settings%3DeyJpZCI6MjczOSwidXJsIjoiaHR0cHM6XC9cL2F1YmVyZ2VkZWxhdGFibGUuY29tXC93cC1jb250ZW50XC91cGxvYWRzXC8yMDIxXC8xMlwvcm9vZi10b3AtMTYuanBnIiwic2xpZGVzaG93IjoiYjU2NGRhMSJ9\" data-elementor-lightbox-description=\"Roof top petit-d\u00e9jeuner et un jus | Auberge de la table\" href='https:\/\/aubergedelatable.com\/wp-content\/uploads\/2021\/12\/roof-top-16.jpg'><img loading=\"lazy\" decoding=\"async\" width=\"1024\" height=\"682\" src=\"https:\/\/aubergedelatable.com\/wp-content\/uploads\/2021\/12\/roof-top-16-1024x682.jpg\" class=\"attachment-large size-large\" alt=\"Roof top petit-d\u00e9jeuner et un jus | Auberge de la table\" srcset=\"https:\/\/aubergedelatable.com\/wp-content\/uploads\/2021\/12\/roof-top-16-1024x682.jpg 1024w, https:\/\/aubergedelatable.com\/wp-content\/uploads\/2021\/12\/roof-top-16-600x399.jpg 600w, https:\/\/aubergedelatable.com\/wp-content\/uploads\/2021\/12\/roof-top-16-300x200.jpg 300w, https:\/\/aubergedelatable.com\/wp-content\/uploads\/2021\/12\/roof-top-16-768x511.jpg 768w, https:\/\/aubergedelatable.com\/wp-content\/uploads\/2021\/12\/roof-top-16-1536x1022.jpg 1536w, https:\/\/aubergedelatable.com\/wp-content\/uploads\/2021\/12\/roof-top-16-700x466.jpg 700w, https:\/\/aubergedelatable.com\/wp-content\/uploads\/2021\/12\/roof-top-16-440x293.jpg 440w, https:\/\/aubergedelatable.com\/wp-content\/uploads\/2021\/12\/roof-top-16.jpg 2048w\" sizes=\"(max-width: 1024px) 100vw, 1024px\" \/><\/a>\n\t\t\t<\/dt><\/dl><dl class='gallery-item'>\n\t\t\t<dt class='gallery-icon landscape'>\n\t\t\t\t<a data-elementor-open-lightbox=\"yes\" data-elementor-lightbox-slideshow=\"b564da1\" data-elementor-lightbox-title=\"arboretum-tulear-133\" data-e-action-hash=\"#elementor-action%3Aaction%3Dlightbox%26settings%3DeyJpZCI6MzQyMCwidXJsIjoiaHR0cHM6XC9cL2F1YmVyZ2VkZWxhdGFibGUuY29tXC93cC1jb250ZW50XC91cGxvYWRzXC8yMDIyXC8wMVwvYXJib3JldHVtLXR1bGVhci0xMzMtc2NhbGVkLmpwZyIsInNsaWRlc2hvdyI6ImI1NjRkYTEifQ%3D%3D\" data-elementor-lightbox-description=\"Roof top petit-d\u00e9jeuner et un jus | Auberge de la table\" href='https:\/\/aubergedelatable.com\/wp-content\/uploads\/2022\/01\/arboretum-tulear-133-scaled.jpg'><img loading=\"lazy\" decoding=\"async\" width=\"1024\" height=\"685\" src=\"https:\/\/aubergedelatable.com\/wp-content\/uploads\/2022\/01\/arboretum-tulear-133-1024x685.jpg\" class=\"attachment-large size-large\" alt=\"\" srcset=\"https:\/\/aubergedelatable.com\/wp-content\/uploads\/2022\/01\/arboretum-tulear-133-1024x685.jpg 1024w, https:\/\/aubergedelatable.com\/wp-content\/uploads\/2022\/01\/arboretum-tulear-133-300x201.jpg 300w, https:\/\/aubergedelatable.com\/wp-content\/uploads\/2022\/01\/arboretum-tulear-133-768x514.jpg 768w, https:\/\/aubergedelatable.com\/wp-content\/uploads\/2022\/01\/arboretum-tulear-133-1536x1028.jpg 1536w, https:\/\/aubergedelatable.com\/wp-content\/uploads\/2022\/01\/arboretum-tulear-133-2048x1371.jpg 2048w, https:\/\/aubergedelatable.com\/wp-content\/uploads\/2022\/01\/arboretum-tulear-133-18x12.jpg 18w, https:\/\/aubergedelatable.com\/wp-content\/uploads\/2022\/01\/arboretum-tulear-133-440x295.jpg 440w, https:\/\/aubergedelatable.com\/wp-content\/uploads\/2022\/01\/arboretum-tulear-133-600x402.jpg 600w, https:\/\/aubergedelatable.com\/wp-content\/uploads\/2022\/01\/arboretum-tulear-133-scaled.jpg 1920w\" sizes=\"(max-width: 1024px) 100vw, 1024px\" \/><\/a>\n\t\t\t<\/dt><\/dl>\n\t\t\t<br style='clear: both' \/>\n\t\t<\/div>\n\t\t<\/div>\n\t\t\t\t\t\t<\/div>\n\t\t\t\t<\/div>\n\t\t\t\t\t<\/div>\n\t\t<\/div>\n\t\t\t\t\t<\/div>\n\t\t<\/section>\n\t\t\t\t<\/div>","protected":false},"excerpt":{"rendered":"<p>Notre Restaurant A votre service, pour votre plaisir gustatif Savourez une cuisine d\u00e9licieuse et vari\u00e9e, bien \u00e9videment pr\u00e9par\u00e9 avec des produits locaux frais. D\u00e9couvrez la richesse des fruits et l\u00e9gumes de Madagascar qui vous surprendront et vous raviront. Nous proposons [&hellip;]<\/p>\n","protected":false},"author":1,"featured_media":0,"parent":0,"menu_order":0,"comment_status":"closed","ping_status":"closed","template":"","meta":{"footnotes":""},"class_list":["post-455","page","type-page","status-publish","hentry"],"aioseo_notices":[],"_links":{"self":[{"href":"https:\/\/aubergedelatable.com\/en\/wp-json\/wp\/v2\/pages\/455","targetHints":{"allow":["GET"]}}],"collection":[{"href":"https:\/\/aubergedelatable.com\/en\/wp-json\/wp\/v2\/pages"}],"about":[{"href":"https:\/\/aubergedelatable.com\/en\/wp-json\/wp\/v2\/types\/page"}],"author":[{"embeddable":true,"href":"https:\/\/aubergedelatable.com\/en\/wp-json\/wp\/v2\/users\/1"}],"replies":[{"embeddable":true,"href":"https:\/\/aubergedelatable.com\/en\/wp-json\/wp\/v2\/comments?post=455"}],"version-history":[{"count":0,"href":"https:\/\/aubergedelatable.com\/en\/wp-json\/wp\/v2\/pages\/455\/revisions"}],"wp:attachment":[{"href":"https:\/\/aubergedelatable.com\/en\/wp-json\/wp\/v2\/media?parent=455"}],"curies":[{"name":"wp","href":"https:\/\/api.w.org\/{rel}","templated":true}]}}