{"id":785,"date":"2018-06-26T06:28:14","date_gmt":"2018-06-26T06:28:14","guid":{"rendered":"https:\/\/themes.themegoods.com\/hoteller\/luxury\/?page_id=785"},"modified":"2024-04-30T09:47:45","modified_gmt":"2024-04-30T06:47:45","slug":"gallery","status":"publish","type":"page","link":"https:\/\/aubergedelatable.com\/en\/gallery\/","title":{"rendered":"Gallery"},"content":{"rendered":"<div data-elementor-type=\"wp-post\" data-elementor-id=\"785\" class=\"elementor elementor-785\">\n\t\t\t\t\t\t<section class=\"elementor-section elementor-top-section elementor-element elementor-element-3819d2cc elementor-section-stretched elementor-section-height-min-height elementor-section-boxed elementor-section-height-default elementor-section-items-middle\" data-id=\"3819d2cc\" data-element_type=\"section\" data-e-type=\"section\" data-settings=\"{&quot;stretch_section&quot;:&quot;section-stretched&quot;,&quot;background_background&quot;:&quot;classic&quot;,&quot;hoteller_ext_is_background_on_scroll&quot;:&quot;false&quot;}\">\n\t\t\t\t\t\t\t<div class=\"elementor-background-overlay\"><\/div>\n\t\t\t\t\t\t\t<div class=\"elementor-container elementor-column-gap-default\">\n\t\t\t\t\t<div class=\"elementor-column elementor-col-100 elementor-top-column elementor-element elementor-element-712ebef7\" data-id=\"712ebef7\" data-element_type=\"column\" data-e-type=\"column\" data-settings=\"{&quot;hoteller_ext_link_sidemenu&quot;:&quot;false&quot;,&quot;hoteller_ext_link_fullmenu&quot;:&quot;false&quot;,&quot;hoteller_ext_is_scrollme&quot;:&quot;false&quot;,&quot;hoteller_ext_is_smoove&quot;:&quot;false&quot;,&quot;hoteller_ext_is_parallax_mouse&quot;:&quot;false&quot;,&quot;hoteller_ext_is_infinite&quot;:&quot;false&quot;,&quot;hoteller_ext_is_fadeout_animation&quot;:&quot;false&quot;}\">\n\t\t\t<div class=\"elementor-widget-wrap elementor-element-populated\">\n\t\t\t\t\t\t<div class=\"elementor-element elementor-element-65b4e6de elementor-invisible elementor-widget elementor-widget-heading\" data-id=\"65b4e6de\" data-element_type=\"widget\" data-e-type=\"widget\" data-settings=\"{&quot;_animation&quot;:&quot;fadeInUp&quot;,&quot;hoteller_ext_link_sidemenu&quot;:&quot;false&quot;,&quot;hoteller_ext_link_fullmenu&quot;:&quot;false&quot;,&quot;hoteller_ext_is_scrollme&quot;:&quot;false&quot;,&quot;hoteller_ext_is_smoove&quot;:&quot;false&quot;,&quot;hoteller_ext_is_parallax_mouse&quot;:&quot;false&quot;,&quot;hoteller_ext_is_infinite&quot;:&quot;false&quot;,&quot;hoteller_ext_is_fadeout_animation&quot;:&quot;false&quot;}\" data-widget_type=\"heading.default\">\n\t\t\t\t<div class=\"elementor-widget-container\">\n\t\t\t\t\t<h1 class=\"elementor-heading-title elementor-size-default\">Gallery <\/h1>\t\t\t\t<\/div>\n\t\t\t\t<\/div>\n\t\t\t\t<div class=\"elementor-element elementor-element-55adc588 elementor-invisible elementor-widget elementor-widget-heading\" data-id=\"55adc588\" data-element_type=\"widget\" data-e-type=\"widget\" data-settings=\"{&quot;_animation&quot;:&quot;fadeInUp&quot;,&quot;_animation_delay&quot;:400,&quot;hoteller_ext_link_sidemenu&quot;:&quot;false&quot;,&quot;hoteller_ext_link_fullmenu&quot;:&quot;false&quot;,&quot;hoteller_ext_is_scrollme&quot;:&quot;false&quot;,&quot;hoteller_ext_is_smoove&quot;:&quot;false&quot;,&quot;hoteller_ext_is_parallax_mouse&quot;:&quot;false&quot;,&quot;hoteller_ext_is_infinite&quot;:&quot;false&quot;,&quot;hoteller_ext_is_fadeout_animation&quot;:&quot;false&quot;}\" data-widget_type=\"heading.default\">\n\t\t\t\t<div class=\"elementor-widget-container\">\n\t\t\t\t\t<h5 class=\"elementor-heading-title elementor-size-default\">Some images of the hotel and the activities we offer during your stay in Tulear<\/h5>\t\t\t\t<\/div>\n\t\t\t\t<\/div>\n\t\t\t\t\t<\/div>\n\t\t<\/div>\n\t\t\t\t\t<\/div>\n\t\t<\/section>\n\t\t\t\t<section class=\"elementor-section elementor-top-section elementor-element elementor-element-8a8a326 elementor-section-boxed elementor-section-height-default elementor-section-height-default\" data-id=\"8a8a326\" data-element_type=\"section\" data-e-type=\"section\" data-settings=\"{&quot;hoteller_ext_is_background_parallax&quot;:&quot;false&quot;,&quot;hoteller_ext_is_background_on_scroll&quot;:&quot;false&quot;}\">\n\t\t\t\t\t\t<div class=\"elementor-container elementor-column-gap-default\">\n\t\t\t\t\t<div class=\"elementor-column elementor-col-100 elementor-top-column elementor-element elementor-element-d3af3af\" data-id=\"d3af3af\" data-element_type=\"column\" data-e-type=\"column\" data-settings=\"{&quot;hoteller_ext_link_sidemenu&quot;:&quot;false&quot;,&quot;hoteller_ext_link_fullmenu&quot;:&quot;false&quot;,&quot;hoteller_ext_is_scrollme&quot;:&quot;false&quot;,&quot;hoteller_ext_is_smoove&quot;:&quot;false&quot;,&quot;hoteller_ext_is_parallax_mouse&quot;:&quot;false&quot;,&quot;hoteller_ext_is_infinite&quot;:&quot;false&quot;,&quot;hoteller_ext_is_fadeout_animation&quot;:&quot;false&quot;}\">\n\t\t\t<div class=\"elementor-widget-wrap elementor-element-populated\">\n\t\t\t\t\t\t<div class=\"elementor-element elementor-element-87813e2 elementor-widget elementor-widget-heading\" data-id=\"87813e2\" data-element_type=\"widget\" data-e-type=\"widget\" data-settings=\"{&quot;hoteller_ext_link_sidemenu&quot;:&quot;false&quot;,&quot;hoteller_ext_link_fullmenu&quot;:&quot;false&quot;,&quot;hoteller_ext_is_scrollme&quot;:&quot;false&quot;,&quot;hoteller_ext_is_smoove&quot;:&quot;false&quot;,&quot;hoteller_ext_is_parallax_mouse&quot;:&quot;false&quot;,&quot;hoteller_ext_is_infinite&quot;:&quot;false&quot;,&quot;hoteller_ext_is_fadeout_animation&quot;:&quot;false&quot;}\" data-widget_type=\"heading.default\">\n\t\t\t\t<div class=\"elementor-widget-container\">\n\t\t\t\t\t<h2 class=\"elementor-heading-title elementor-size-default\">Photos of the hotel and nearby surroundings<\/h2>\t\t\t\t<\/div>\n\t\t\t\t<\/div>\n\t\t\t\t<div class=\"elementor-element elementor-element-c222a70 elementor-widget elementor-widget-hoteller-gallery-grid\" data-id=\"c222a70\" data-element_type=\"widget\" data-e-type=\"widget\" data-settings=\"{&quot;hoteller_ext_link_sidemenu&quot;:&quot;false&quot;,&quot;hoteller_ext_link_fullmenu&quot;:&quot;false&quot;,&quot;hoteller_ext_is_scrollme&quot;:&quot;false&quot;,&quot;hoteller_ext_is_smoove&quot;:&quot;false&quot;,&quot;hoteller_ext_is_parallax_mouse&quot;:&quot;false&quot;,&quot;hoteller_ext_is_infinite&quot;:&quot;false&quot;,&quot;hoteller_ext_is_fadeout_animation&quot;:&quot;false&quot;}\" data-widget_type=\"hoteller-gallery-grid.default\">\n\t\t\t\t<div class=\"elementor-widget-container\">\n\t\t\t\t\t<div class=\"gallery_grid_content_wrapper layout_tg_three_cols\">\n\t\t<div class=\"gallery_grid_item tg_three_cols  gallery-grid-tilt\">\n\t\t\t\t\t\t\t<a class=\"tg_gallery_lightbox\" href=\"https:\/\/aubergedelatable.com\/wp-content\/uploads\/2021\/12\/35266429_2130093987101495_361844947374047232_n-300x225-1.jpg\" data-thumb=\"https:\/\/aubergedelatable.com\/wp-content\/uploads\/2021\/12\/35266429_2130093987101495_361844947374047232_n-300x225-1.jpg\" data-rel=\"tg_galleryc222a70\"  >\n\t\t\t\t\t\t\t<img decoding=\"async\"  src=\"https:\/\/aubergedelatable.com\/wp-content\/uploads\/2021\/12\/35266429_2130093987101495_361844947374047232_n-300x225-1.jpg\" class=\"\" alt=\"\" \/>\n\t\t\t\t\t\t\t<\/a>\n\t\t\t\t\t<\/div>\n\t\t<div class=\"gallery_grid_item tg_three_cols  gallery-grid-tilt\">\n\t\t\t\t\t\t\t<a class=\"tg_gallery_lightbox\" href=\"https:\/\/aubergedelatable.com\/wp-content\/uploads\/2021\/12\/236557102_4782322898545244_2441664110187799092_n-300x225-1.jpg\" data-thumb=\"https:\/\/aubergedelatable.com\/wp-content\/uploads\/2021\/12\/236557102_4782322898545244_2441664110187799092_n-300x225-1.jpg\" data-rel=\"tg_galleryc222a70\"  >\n\t\t\t\t\t\t\t<img decoding=\"async\"  src=\"https:\/\/aubergedelatable.com\/wp-content\/uploads\/2021\/12\/236557102_4782322898545244_2441664110187799092_n-300x225-1.jpg\" class=\"\" alt=\"\" \/>\n\t\t\t\t\t\t\t<\/a>\n\t\t\t\t\t<\/div>\n\t\t<div class=\"gallery_grid_item tg_three_cols last gallery-grid-tilt\">\n\t\t\t\t\t\t\t<a class=\"tg_gallery_lightbox\" href=\"https:\/\/aubergedelatable.com\/wp-content\/uploads\/2021\/12\/236860323_4785317288245805_6454558220543329923_n-300x225-1.jpg\" data-thumb=\"https:\/\/aubergedelatable.com\/wp-content\/uploads\/2021\/12\/236860323_4785317288245805_6454558220543329923_n-300x225-1.jpg\" data-rel=\"tg_galleryc222a70\"  >\n\t\t\t\t\t\t\t<img decoding=\"async\"  src=\"https:\/\/aubergedelatable.com\/wp-content\/uploads\/2021\/12\/236860323_4785317288245805_6454558220543329923_n-300x225-1.jpg\" class=\"\" alt=\"\" \/>\n\t\t\t\t\t\t\t<\/a>\n\t\t\t\t\t<\/div>\n\t\t<div class=\"gallery_grid_item tg_three_cols  gallery-grid-tilt\">\n\t\t\t\t\t\t\t<a class=\"tg_gallery_lightbox\" href=\"https:\/\/aubergedelatable.com\/wp-content\/uploads\/2021\/12\/237265807_4789669767810557_5092417651304933729_n-1-300x225-1.jpg\" data-thumb=\"https:\/\/aubergedelatable.com\/wp-content\/uploads\/2021\/12\/237265807_4789669767810557_5092417651304933729_n-1-300x225-1.jpg\" data-rel=\"tg_galleryc222a70\"  >\n\t\t\t\t\t\t\t<img decoding=\"async\"  src=\"https:\/\/aubergedelatable.com\/wp-content\/uploads\/2021\/12\/237265807_4789669767810557_5092417651304933729_n-1-300x225-1.jpg\" class=\"\" alt=\"\" \/>\n\t\t\t\t\t\t\t<\/a>\n\t\t\t\t\t<\/div>\n\t\t<div class=\"gallery_grid_item tg_three_cols  gallery-grid-tilt\">\n\t\t\t\t\t\t\t<a class=\"tg_gallery_lightbox\" href=\"https:\/\/aubergedelatable.com\/wp-content\/uploads\/2021\/12\/240972709_4818019181642282_386558668380439461_n-300x225-1.jpg\" data-thumb=\"https:\/\/aubergedelatable.com\/wp-content\/uploads\/2021\/12\/240972709_4818019181642282_386558668380439461_n-300x225-1.jpg\" data-rel=\"tg_galleryc222a70\"  >\n\t\t\t\t\t\t\t<img decoding=\"async\"  src=\"https:\/\/aubergedelatable.com\/wp-content\/uploads\/2021\/12\/240972709_4818019181642282_386558668380439461_n-300x225-1.jpg\" class=\"\" alt=\"\" \/>\n\t\t\t\t\t\t\t<\/a>\n\t\t\t\t\t<\/div>\n\t\t<div class=\"gallery_grid_item tg_three_cols last gallery-grid-tilt\">\n\t\t\t\t\t\t\t<a class=\"tg_gallery_lightbox\" href=\"https:\/\/aubergedelatable.com\/wp-content\/uploads\/2021\/12\/240972722_4818019618308905_5482648655993880666_n-300x225-1.jpg\" data-thumb=\"https:\/\/aubergedelatable.com\/wp-content\/uploads\/2021\/12\/240972722_4818019618308905_5482648655993880666_n-300x225-1.jpg\" data-rel=\"tg_galleryc222a70\"  >\n\t\t\t\t\t\t\t<img decoding=\"async\"  src=\"https:\/\/aubergedelatable.com\/wp-content\/uploads\/2021\/12\/240972722_4818019618308905_5482648655993880666_n-300x225-1.jpg\" class=\"\" alt=\"\" \/>\n\t\t\t\t\t\t\t<\/a>\n\t\t\t\t\t<\/div>\n\t\t<div class=\"gallery_grid_item tg_three_cols  gallery-grid-tilt\">\n\t\t\t\t\t\t\t<a class=\"tg_gallery_lightbox\" href=\"https:\/\/aubergedelatable.com\/wp-content\/uploads\/2021\/12\/241755092_4857102497733950_2768532137816286681_n-300x225-1.jpg\" data-thumb=\"https:\/\/aubergedelatable.com\/wp-content\/uploads\/2021\/12\/241755092_4857102497733950_2768532137816286681_n-300x225-1.jpg\" data-rel=\"tg_galleryc222a70\"  >\n\t\t\t\t\t\t\t<img decoding=\"async\"  src=\"https:\/\/aubergedelatable.com\/wp-content\/uploads\/2021\/12\/241755092_4857102497733950_2768532137816286681_n-300x225-1.jpg\" class=\"\" alt=\"\" \/>\n\t\t\t\t\t\t\t<\/a>\n\t\t\t\t\t<\/div>\n\t\t<div class=\"gallery_grid_item tg_three_cols  gallery-grid-tilt\">\n\t\t\t\t\t\t\t<a class=\"tg_gallery_lightbox\" href=\"https:\/\/aubergedelatable.com\/wp-content\/uploads\/2021\/12\/241764054_4854010604709806_1694284722906884325_n-300x225-1.jpg\" data-thumb=\"https:\/\/aubergedelatable.com\/wp-content\/uploads\/2021\/12\/241764054_4854010604709806_1694284722906884325_n-300x225-1.jpg\" data-rel=\"tg_galleryc222a70\"  >\n\t\t\t\t\t\t\t<img decoding=\"async\"  src=\"https:\/\/aubergedelatable.com\/wp-content\/uploads\/2021\/12\/241764054_4854010604709806_1694284722906884325_n-300x225-1.jpg\" class=\"\" alt=\"\" \/>\n\t\t\t\t\t\t\t<\/a>\n\t\t\t\t\t<\/div>\n\t\t<div class=\"gallery_grid_item tg_three_cols last gallery-grid-tilt\">\n\t\t\t\t\t\t\t<a class=\"tg_gallery_lightbox\" href=\"https:\/\/aubergedelatable.com\/wp-content\/uploads\/2021\/12\/arbotetum-tulear-9.jpg\" data-thumb=\"https:\/\/aubergedelatable.com\/wp-content\/uploads\/2021\/12\/arbotetum-tulear-9-300x200.jpg\" data-rel=\"tg_galleryc222a70\"  >\n\t\t\t\t\t\t\t<img decoding=\"async\"  src=\"https:\/\/aubergedelatable.com\/wp-content\/uploads\/2021\/12\/arbotetum-tulear-9.jpg\" class=\"\" alt=\"\" \/>\n\t\t\t\t\t\t\t<\/a>\n\t\t\t\t\t<\/div>\n\t\t<div class=\"gallery_grid_item tg_three_cols  gallery-grid-tilt\">\n\t\t\t\t\t\t\t<a class=\"tg_gallery_lightbox\" href=\"https:\/\/aubergedelatable.com\/wp-content\/uploads\/2024\/04\/Nosy-ve-Surf-Mada.jpg\" data-thumb=\"https:\/\/aubergedelatable.com\/wp-includes\/images\/media\/default.svg\" data-rel=\"tg_galleryc222a70\"  >\n\t\t\t\t\t\t\t<img decoding=\"async\"  src=\"https:\/\/aubergedelatable.com\/wp-includes\/images\/media\/default.svg\" class=\"\" alt=\"\" \/>\n\t\t\t\t\t\t\t<\/a>\n\t\t\t\t\t<\/div>\n\t\t<div class=\"gallery_grid_item tg_three_cols  gallery-grid-tilt\">\n\t\t\t\t\t\t\t<a class=\"tg_gallery_lightbox\" href=\"https:\/\/aubergedelatable.com\/wp-content\/uploads\/2021\/12\/surfamada-anakao-302_1.jpg\" data-thumb=\"https:\/\/aubergedelatable.com\/wp-includes\/images\/media\/default.svg\" data-rel=\"tg_galleryc222a70\"  >\n\t\t\t\t\t\t\t<img decoding=\"async\"  src=\"https:\/\/aubergedelatable.com\/wp-includes\/images\/media\/default.svg\" class=\"\" alt=\"\" \/>\n\t\t\t\t\t\t\t<\/a>\n\t\t\t\t\t<\/div>\n\t\t<div class=\"gallery_grid_item tg_three_cols last gallery-grid-tilt\">\n\t\t\t\t\t\t\t<a class=\"tg_gallery_lightbox\" href=\"https:\/\/aubergedelatable.com\/wp-content\/uploads\/2021\/12\/Nosy-ve-anakao-306.jpg\" data-thumb=\"https:\/\/aubergedelatable.com\/wp-includes\/images\/media\/default.svg\" data-rel=\"tg_galleryc222a70\"  >\n\t\t\t\t\t\t\t<img decoding=\"async\"  src=\"https:\/\/aubergedelatable.com\/wp-includes\/images\/media\/default.svg\" class=\"\" alt=\"\" \/>\n\t\t\t\t\t\t\t<\/a>\n\t\t\t\t\t<\/div>\n\t\t<div class=\"gallery_grid_item tg_three_cols  gallery-grid-tilt\">\n\t\t\t\t\t\t\t<a class=\"tg_gallery_lightbox\" href=\"https:\/\/aubergedelatable.com\/wp-content\/uploads\/2024\/04\/Flammaant-rose.jpg\" data-thumb=\"https:\/\/aubergedelatable.com\/wp-content\/uploads\/2024\/04\/Flammaant-rose-300x158.jpg\" data-rel=\"tg_galleryc222a70\"  >\n\t\t\t\t\t\t\t<img decoding=\"async\"  src=\"https:\/\/aubergedelatable.com\/wp-content\/uploads\/2024\/04\/Flammaant-rose-700x466.jpg\" class=\"\" alt=\"\" \/>\n\t\t\t\t\t\t\t<\/a>\n\t\t\t\t\t<\/div>\n\t\t<div class=\"gallery_grid_item tg_three_cols  gallery-grid-tilt\">\n\t\t\t\t\t\t\t<a class=\"tg_gallery_lightbox\" href=\"https:\/\/aubergedelatable.com\/wp-content\/uploads\/2021\/12\/fonds-blanc.jpg\" data-thumb=\"https:\/\/aubergedelatable.com\/wp-content\/uploads\/2021\/12\/fonds-blanc-300x225.jpg\" data-rel=\"tg_galleryc222a70\"  >\n\t\t\t\t\t\t\t<img decoding=\"async\"  src=\"https:\/\/aubergedelatable.com\/wp-content\/uploads\/2021\/12\/fonds-blanc-700x466.jpg\" class=\"\" alt=\"\" \/>\n\t\t\t\t\t\t\t<\/a>\n\t\t\t\t\t<\/div>\n\t\t<div class=\"gallery_grid_item tg_three_cols last gallery-grid-tilt\">\n\t\t\t\t\t\t\t<a class=\"tg_gallery_lightbox\" href=\"https:\/\/aubergedelatable.com\/wp-content\/uploads\/2021\/12\/grotte.jpg\" data-thumb=\"https:\/\/aubergedelatable.com\/wp-content\/uploads\/2021\/12\/grotte-300x225.jpg\" data-rel=\"tg_galleryc222a70\"  >\n\t\t\t\t\t\t\t<img decoding=\"async\"  src=\"https:\/\/aubergedelatable.com\/wp-content\/uploads\/2021\/12\/grotte-700x466.jpg\" class=\"\" alt=\"\" \/>\n\t\t\t\t\t\t\t<\/a>\n\t\t\t\t\t<\/div>\n\t\t<div class=\"gallery_grid_item tg_three_cols  gallery-grid-tilt\">\n\t\t\t\t\t\t\t<a class=\"tg_gallery_lightbox\" href=\"https:\/\/aubergedelatable.com\/wp-content\/uploads\/2021\/12\/kayak.jpg\" data-thumb=\"https:\/\/aubergedelatable.com\/wp-content\/uploads\/2021\/12\/kayak-300x225.jpg\" data-rel=\"tg_galleryc222a70\"  >\n\t\t\t\t\t\t\t<img decoding=\"async\"  src=\"https:\/\/aubergedelatable.com\/wp-content\/uploads\/2021\/12\/kayak-700x466.jpg\" class=\"\" alt=\"\" \/>\n\t\t\t\t\t\t\t<\/a>\n\t\t\t\t\t<\/div>\n\t\t<div class=\"gallery_grid_item tg_three_cols  gallery-grid-tilt\">\n\t\t\t\t\t\t\t<a class=\"tg_gallery_lightbox\" href=\"https:\/\/aubergedelatable.com\/wp-content\/uploads\/2021\/12\/244216825_4927319967378869_6636992338304289142_n-1.jpg\" data-thumb=\"https:\/\/aubergedelatable.com\/wp-content\/uploads\/2021\/12\/244216825_4927319967378869_6636992338304289142_n-1-225x300.jpg\" data-rel=\"tg_galleryc222a70\"  >\n\t\t\t\t\t\t\t<img decoding=\"async\"  src=\"https:\/\/aubergedelatable.com\/wp-content\/uploads\/2021\/12\/244216825_4927319967378869_6636992338304289142_n-1-700x466.jpg\" class=\"\" alt=\"\" \/>\n\t\t\t\t\t\t\t<\/a>\n\t\t\t\t\t<\/div>\n\t\t<div class=\"gallery_grid_item tg_three_cols last gallery-grid-tilt\">\n\t\t\t\t\t\t\t<a class=\"tg_gallery_lightbox\" href=\"https:\/\/aubergedelatable.com\/wp-content\/uploads\/2021\/12\/kayak2.jpg\" data-thumb=\"https:\/\/aubergedelatable.com\/wp-content\/uploads\/2021\/12\/kayak2-300x225.jpg\" data-rel=\"tg_galleryc222a70\"  >\n\t\t\t\t\t\t\t<img decoding=\"async\"  src=\"https:\/\/aubergedelatable.com\/wp-content\/uploads\/2021\/12\/kayak2-700x466.jpg\" class=\"\" alt=\"\" \/>\n\t\t\t\t\t\t\t<\/a>\n\t\t\t\t\t<\/div>\n\t\t<div class=\"gallery_grid_item tg_three_cols  gallery-grid-tilt\">\n\t\t\t\t\t\t\t<a class=\"tg_gallery_lightbox\" href=\"https:\/\/aubergedelatable.com\/wp-content\/uploads\/2021\/12\/arbotetum-tulear-7.jpg\" data-thumb=\"https:\/\/aubergedelatable.com\/wp-content\/uploads\/2021\/12\/arbotetum-tulear-7-300x181.jpg\" data-rel=\"tg_galleryc222a70\"  >\n\t\t\t\t\t\t\t<img decoding=\"async\"  src=\"https:\/\/aubergedelatable.com\/wp-content\/uploads\/2021\/12\/arbotetum-tulear-7-700x466.jpg\" class=\"\" alt=\"\" \/>\n\t\t\t\t\t\t\t<\/a>\n\t\t\t\t\t<\/div>\n\t\t<div class=\"gallery_grid_item tg_three_cols  gallery-grid-tilt\">\n\t\t\t\t\t\t\t<a class=\"tg_gallery_lightbox\" href=\"https:\/\/aubergedelatable.com\/wp-content\/uploads\/2021\/12\/piscine-30.jpg\" data-thumb=\"https:\/\/aubergedelatable.com\/wp-content\/uploads\/2021\/12\/piscine-30-300x200.jpg\" data-rel=\"tg_galleryc222a70\"  >\n\t\t\t\t\t\t\t<img decoding=\"async\"  src=\"https:\/\/aubergedelatable.com\/wp-content\/uploads\/2021\/12\/piscine-30-700x466.jpg\" class=\"\" alt=\"\" \/>\n\t\t\t\t\t\t\t<\/a>\n\t\t\t\t\t<\/div>\n\t\t<div class=\"gallery_grid_item tg_three_cols last gallery-grid-tilt\">\n\t\t\t\t\t\t\t<a class=\"tg_gallery_lightbox\" href=\"https:\/\/aubergedelatable.com\/wp-content\/uploads\/2021\/12\/piscine-20.jpg\" data-thumb=\"https:\/\/aubergedelatable.com\/wp-content\/uploads\/2021\/12\/piscine-20-300x200.jpg\" data-rel=\"tg_galleryc222a70\"  >\n\t\t\t\t\t\t\t<img decoding=\"async\"  src=\"https:\/\/aubergedelatable.com\/wp-content\/uploads\/2021\/12\/piscine-20-700x466.jpg\" class=\"\" alt=\"\" \/>\n\t\t\t\t\t\t\t<\/a>\n\t\t\t\t\t<\/div>\n\t\t<div class=\"gallery_grid_item tg_three_cols  gallery-grid-tilt\">\n\t\t\t\t\t\t\t<a class=\"tg_gallery_lightbox\" href=\"https:\/\/aubergedelatable.com\/wp-content\/uploads\/2021\/12\/piscine-4.jpg\" data-thumb=\"https:\/\/aubergedelatable.com\/wp-content\/uploads\/2021\/12\/piscine-4-300x200.jpg\" data-rel=\"tg_galleryc222a70\"  >\n\t\t\t\t\t\t\t<img decoding=\"async\"  src=\"https:\/\/aubergedelatable.com\/wp-content\/uploads\/2021\/12\/piscine-4-700x466.jpg\" class=\"\" alt=\"\" \/>\n\t\t\t\t\t\t\t<\/a>\n\t\t\t\t\t<\/div>\n\t\t<div class=\"gallery_grid_item tg_three_cols  gallery-grid-tilt\">\n\t\t\t\t\t\t\t<a class=\"tg_gallery_lightbox\" href=\"https:\/\/aubergedelatable.com\/wp-content\/uploads\/2021\/12\/lobby-restaurant-43.jpg\" data-thumb=\"https:\/\/aubergedelatable.com\/wp-content\/uploads\/2021\/12\/lobby-restaurant-43-300x200.jpg\" data-rel=\"tg_galleryc222a70\"  >\n\t\t\t\t\t\t\t<img decoding=\"async\"  src=\"https:\/\/aubergedelatable.com\/wp-content\/uploads\/2021\/12\/lobby-restaurant-43-700x466.jpg\" class=\"\" alt=\"\" \/>\n\t\t\t\t\t\t\t<\/a>\n\t\t\t\t\t<\/div>\n\t\t<div class=\"gallery_grid_item tg_three_cols last gallery-grid-tilt\">\n\t\t\t\t\t\t\t<a class=\"tg_gallery_lightbox\" href=\"https:\/\/aubergedelatable.com\/wp-content\/uploads\/2021\/12\/lobby-restaurant-36.jpg\" data-thumb=\"https:\/\/aubergedelatable.com\/wp-content\/uploads\/2021\/12\/lobby-restaurant-36-300x200.jpg\" data-rel=\"tg_galleryc222a70\"  >\n\t\t\t\t\t\t\t<img decoding=\"async\"  src=\"https:\/\/aubergedelatable.com\/wp-content\/uploads\/2021\/12\/lobby-restaurant-36-700x466.jpg\" class=\"\" alt=\"Lobby restaurant | Auberge de la table\" \/>\n\t\t\t\t\t\t\t<\/a>\n\t\t\t\t\t<\/div>\n\t\t<div class=\"gallery_grid_item tg_three_cols  gallery-grid-tilt\">\n\t\t\t\t\t\t\t<a class=\"tg_gallery_lightbox\" href=\"https:\/\/aubergedelatable.com\/wp-content\/uploads\/2021\/12\/Piscine-services-scaled.jpg\" data-thumb=\"https:\/\/aubergedelatable.com\/wp-content\/uploads\/2021\/12\/Piscine-services-300x225.jpg\" data-rel=\"tg_galleryc222a70\"  >\n\t\t\t\t\t\t\t<img decoding=\"async\"  src=\"https:\/\/aubergedelatable.com\/wp-content\/uploads\/2021\/12\/Piscine-services-700x466.jpg\" class=\"\" alt=\"\" \/>\n\t\t\t\t\t\t\t<\/a>\n\t\t\t\t\t<\/div>\n\t\t<div class=\"gallery_grid_item tg_three_cols  gallery-grid-tilt\">\n\t\t\t\t\t\t\t<a class=\"tg_gallery_lightbox\" href=\"https:\/\/aubergedelatable.com\/wp-content\/uploads\/2021\/12\/animaux_ifaty171-scaled.jpeg\" data-thumb=\"https:\/\/aubergedelatable.com\/wp-includes\/images\/media\/default.svg\" data-rel=\"tg_galleryc222a70\"  >\n\t\t\t\t\t\t\t<img decoding=\"async\"  src=\"https:\/\/aubergedelatable.com\/wp-includes\/images\/media\/default.svg\" class=\"\" alt=\"\" \/>\n\t\t\t\t\t\t\t<\/a>\n\t\t\t\t\t<\/div>\n<br class=\"clear\"\/>\n<\/div>\n\t\t\t\t<\/div>\n\t\t\t\t<\/div>\n\t\t\t\t\t<\/div>\n\t\t<\/div>\n\t\t\t\t\t<\/div>\n\t\t<\/section>\n\t\t\t\t<\/div>","protected":false},"excerpt":{"rendered":"<p>Galerie Quelques images de l&rsquo;^h\u00f4tel et des activit\u00e9s que nous proposons durant votre s\u00e9jour \u00e0 Tul\u00e9ar Photos de l&rsquo;h\u00f4tel et des environs proches<\/p>","protected":false},"author":1,"featured_media":0,"parent":0,"menu_order":0,"comment_status":"closed","ping_status":"closed","template":"","meta":{"footnotes":""},"class_list":["post-785","page","type-page","status-publish","hentry"],"aioseo_notices":[],"_links":{"self":[{"href":"https:\/\/aubergedelatable.com\/en\/wp-json\/wp\/v2\/pages\/785","targetHints":{"allow":["GET"]}}],"collection":[{"href":"https:\/\/aubergedelatable.com\/en\/wp-json\/wp\/v2\/pages"}],"about":[{"href":"https:\/\/aubergedelatable.com\/en\/wp-json\/wp\/v2\/types\/page"}],"author":[{"embeddable":true,"href":"https:\/\/aubergedelatable.com\/en\/wp-json\/wp\/v2\/users\/1"}],"replies":[{"embeddable":true,"href":"https:\/\/aubergedelatable.com\/en\/wp-json\/wp\/v2\/comments?post=785"}],"version-history":[{"count":0,"href":"https:\/\/aubergedelatable.com\/en\/wp-json\/wp\/v2\/pages\/785\/revisions"}],"wp:attachment":[{"href":"https:\/\/aubergedelatable.com\/en\/wp-json\/wp\/v2\/media?parent=785"}],"curies":[{"name":"wp","href":"https:\/\/api.w.org\/{rel}","templated":true}]}}