{"id":204,"date":"2018-06-13T11:45:42","date_gmt":"2018-06-13T09:45:42","guid":{"rendered":"https:\/\/themes.themegoods.com\/hoteller\/luxury\/?page_id=204"},"modified":"2025-01-24T09:24:51","modified_gmt":"2025-01-24T06:24:51","slug":"nos-bungalows","status":"publish","type":"page","link":"https:\/\/aubergedelatable.com\/fr\/nos-bungalows\/","title":{"rendered":"Bungalows"},"content":{"rendered":"\t\t<div data-elementor-type=\"wp-post\" data-elementor-id=\"204\" class=\"elementor elementor-204\">\n\t\t\t\t\t\t<section class=\"elementor-section elementor-top-section elementor-element elementor-element-1455370 elementor-section-stretched elementor-section-height-min-height elementor-section-full_width elementor-section-height-default elementor-section-items-middle\" data-id=\"1455370\" data-element_type=\"section\" data-e-type=\"section\" data-settings=\"{&quot;stretch_section&quot;:&quot;section-stretched&quot;,&quot;background_background&quot;:&quot;classic&quot;,&quot;hoteller_ext_is_background_parallax&quot;:&quot;false&quot;,&quot;hoteller_ext_is_background_on_scroll&quot;:&quot;false&quot;}\">\n\t\t\t\t\t\t\t<div class=\"elementor-background-overlay\"><\/div>\n\t\t\t\t\t\t\t<div class=\"elementor-container elementor-column-gap-no\">\n\t\t\t\t\t<div class=\"elementor-column elementor-col-100 elementor-top-column elementor-element elementor-element-f011a00\" data-id=\"f011a00\" data-element_type=\"column\" data-e-type=\"column\" data-settings=\"{&quot;hoteller_ext_link_sidemenu&quot;:&quot;false&quot;,&quot;hoteller_ext_link_fullmenu&quot;:&quot;false&quot;,&quot;hoteller_ext_is_scrollme&quot;:&quot;false&quot;,&quot;hoteller_ext_is_smoove&quot;:&quot;false&quot;,&quot;hoteller_ext_is_parallax_mouse&quot;:&quot;false&quot;,&quot;hoteller_ext_is_infinite&quot;:&quot;false&quot;,&quot;hoteller_ext_is_fadeout_animation&quot;:&quot;false&quot;}\">\n\t\t\t<div class=\"elementor-widget-wrap elementor-element-populated\">\n\t\t\t\t\t\t<div class=\"elementor-element elementor-element-f0e1a3c elementor-invisible elementor-widget elementor-widget-heading\" data-id=\"f0e1a3c\" data-element_type=\"widget\" data-e-type=\"widget\" data-settings=\"{&quot;_animation&quot;:&quot;fadeInUp&quot;,&quot;hoteller_ext_link_sidemenu&quot;:&quot;false&quot;,&quot;hoteller_ext_link_fullmenu&quot;:&quot;false&quot;,&quot;hoteller_ext_is_scrollme&quot;:&quot;false&quot;,&quot;hoteller_ext_is_smoove&quot;:&quot;false&quot;,&quot;hoteller_ext_is_parallax_mouse&quot;:&quot;false&quot;,&quot;hoteller_ext_is_infinite&quot;:&quot;false&quot;,&quot;hoteller_ext_is_fadeout_animation&quot;:&quot;false&quot;}\" data-widget_type=\"heading.default\">\n\t\t\t\t<div class=\"elementor-widget-container\">\n\t\t\t\t\t<h1 class=\"elementor-heading-title elementor-size-default\">Nos Bungalows<\/h1>\t\t\t\t<\/div>\n\t\t\t\t<\/div>\n\t\t\t\t<div class=\"elementor-element elementor-element-a29b869 elementor-invisible elementor-widget elementor-widget-heading\" data-id=\"a29b869\" data-element_type=\"widget\" data-e-type=\"widget\" data-settings=\"{&quot;_animation&quot;:&quot;fadeInUp&quot;,&quot;_animation_delay&quot;:400,&quot;hoteller_ext_link_sidemenu&quot;:&quot;false&quot;,&quot;hoteller_ext_link_fullmenu&quot;:&quot;false&quot;,&quot;hoteller_ext_is_scrollme&quot;:&quot;false&quot;,&quot;hoteller_ext_is_smoove&quot;:&quot;false&quot;,&quot;hoteller_ext_is_parallax_mouse&quot;:&quot;false&quot;,&quot;hoteller_ext_is_infinite&quot;:&quot;false&quot;,&quot;hoteller_ext_is_fadeout_animation&quot;:&quot;false&quot;}\" data-widget_type=\"heading.default\">\n\t\t\t\t<div class=\"elementor-widget-container\">\n\t\t\t\t\t<h5 class=\"elementor-heading-title elementor-size-default\">l'autenticit\u00e9 de nos logements, grace aux mat\u00e9riaux employ\u00e9s, naturels pour la majorit\u00e9.<\/h5>\t\t\t\t<\/div>\n\t\t\t\t<\/div>\n\t\t\t\t\t<\/div>\n\t\t<\/div>\n\t\t\t\t\t<\/div>\n\t\t<\/section>\n\t\t<div class=\"elementor-element elementor-element-0a7b713 e-flex e-con-boxed e-con e-parent\" data-id=\"0a7b713\" data-element_type=\"container\" data-e-type=\"container\">\n\t\t\t\t\t<div class=\"e-con-inner\">\n\t\t<div class=\"elementor-element elementor-element-69e2139 e-con-full e-flex e-con e-child\" data-id=\"69e2139\" data-element_type=\"container\" data-e-type=\"container\">\n\t\t\t\t<div class=\"elementor-element elementor-element-18e69bd elementor-widget elementor-widget-text-editor\" data-id=\"18e69bd\" data-element_type=\"widget\" data-e-type=\"widget\" data-settings=\"{&quot;hoteller_ext_link_sidemenu&quot;:&quot;false&quot;,&quot;hoteller_ext_link_fullmenu&quot;:&quot;false&quot;,&quot;hoteller_ext_is_scrollme&quot;:&quot;false&quot;,&quot;hoteller_ext_is_smoove&quot;:&quot;false&quot;,&quot;hoteller_ext_is_parallax_mouse&quot;:&quot;false&quot;,&quot;hoteller_ext_is_infinite&quot;:&quot;false&quot;,&quot;hoteller_ext_is_fadeout_animation&quot;:&quot;false&quot;}\" data-widget_type=\"text-editor.default\">\n\t\t\t\t<div class=\"elementor-widget-container\">\n\t\t\t\t\t\t\t\t\tD\u00e9couvrez nos bungalows avec vue sur le jardin, entr\u00e9e priv\u00e9e, moustiquaire et salle de bains privative. Construits avec des mat\u00e9riaux naturels locaux, chaque bungalow offre une ambiance propice \u00e0 la d\u00e9tente.\t\t\t\t\t\t\t\t<\/div>\n\t\t\t\t<\/div>\n\t\t\t\t<\/div>\n\t\t<div class=\"elementor-element elementor-element-8bd7e9d e-con-full e-flex e-con e-child\" data-id=\"8bd7e9d\" data-element_type=\"container\" data-e-type=\"container\">\n\t\t\t\t<div class=\"elementor-element elementor-element-879148d elementor-widget elementor-widget-text-editor\" data-id=\"879148d\" data-element_type=\"widget\" data-e-type=\"widget\" data-settings=\"{&quot;hoteller_ext_link_sidemenu&quot;:&quot;false&quot;,&quot;hoteller_ext_link_fullmenu&quot;:&quot;false&quot;,&quot;hoteller_ext_is_scrollme&quot;:&quot;false&quot;,&quot;hoteller_ext_is_smoove&quot;:&quot;false&quot;,&quot;hoteller_ext_is_parallax_mouse&quot;:&quot;false&quot;,&quot;hoteller_ext_is_infinite&quot;:&quot;false&quot;,&quot;hoteller_ext_is_fadeout_animation&quot;:&quot;false&quot;}\" data-widget_type=\"text-editor.default\">\n\t\t\t\t<div class=\"elementor-widget-container\">\n\t\t\t\t\t\t\t\t\tQue vous voyagiez en famille ou entre amis, nos bungalows offrent le cadre parfait pour des vacances reposantes. D\u00e9couvrez la beaut\u00e9 naturelle de Madagascar \u00e0 proximit\u00e9 de l&rsquo;aire prot\u00e9g\u00e9e de Tsinjoriake, id\u00e9ale pour des excursions vari\u00e9es.\t\t\t\t\t\t\t\t<\/div>\n\t\t\t\t<\/div>\n\t\t\t\t<\/div>\n\t\t\t\t\t<\/div>\n\t\t\t\t<\/div>\n\t\t\t\t<section class=\"elementor-section elementor-top-section elementor-element elementor-element-c6df009 elementor-section-stretched elementor-section-full_width elementor-section-height-default elementor-section-height-default\" data-id=\"c6df009\" data-element_type=\"section\" data-e-type=\"section\" data-settings=\"{&quot;stretch_section&quot;:&quot;section-stretched&quot;,&quot;hoteller_ext_is_background_parallax&quot;:&quot;false&quot;,&quot;hoteller_ext_is_background_on_scroll&quot;:&quot;false&quot;}\">\n\t\t\t\t\t\t<div class=\"elementor-container elementor-column-gap-no\">\n\t\t\t\t\t<div class=\"elementor-column elementor-col-100 elementor-top-column elementor-element elementor-element-a1063ec\" data-id=\"a1063ec\" data-element_type=\"column\" data-e-type=\"column\" data-settings=\"{&quot;hoteller_ext_link_sidemenu&quot;:&quot;false&quot;,&quot;hoteller_ext_link_fullmenu&quot;:&quot;false&quot;,&quot;hoteller_ext_is_scrollme&quot;:&quot;false&quot;,&quot;hoteller_ext_is_smoove&quot;:&quot;false&quot;,&quot;hoteller_ext_is_parallax_mouse&quot;:&quot;false&quot;,&quot;hoteller_ext_is_infinite&quot;:&quot;false&quot;,&quot;hoteller_ext_is_fadeout_animation&quot;:&quot;false&quot;}\">\n\t\t\t<div class=\"elementor-widget-wrap elementor-element-populated\">\n\t\t\t\t\t\t<div class=\"elementor-element elementor-element-479e2c4 elementor-widget elementor-widget-hoteller-distortion-grid\" data-id=\"479e2c4\" data-element_type=\"widget\" data-e-type=\"widget\" data-settings=\"{&quot;hoteller_ext_link_sidemenu&quot;:&quot;false&quot;,&quot;hoteller_ext_link_fullmenu&quot;:&quot;false&quot;,&quot;hoteller_ext_is_scrollme&quot;:&quot;false&quot;,&quot;hoteller_ext_is_smoove&quot;:&quot;false&quot;,&quot;hoteller_ext_is_parallax_mouse&quot;:&quot;false&quot;,&quot;hoteller_ext_is_infinite&quot;:&quot;false&quot;,&quot;hoteller_ext_is_fadeout_animation&quot;:&quot;false&quot;}\" data-widget_type=\"hoteller-distortion-grid.default\">\n\t\t\t\t<div class=\"elementor-widget-container\">\n\t\t\t\t\t<div class=\"distortion_grid_wrapper\">\n\t\t<div class=\"distortion_grid_item distortion_grid_item--bg theme-6\">\n\t\t\t<div class=\"distortion_grid_item-img\" data-displacement=\"https:\/\/aubergedelatable.com\/wp-content\/plugins\/hoteller-elementor\/assets\/images\/distortion-grid\/1.jpg\" data-intensity=\"-0.4\" data-speedIn=\"0.7\" data-speedOut=\"0.3\" data-easing=\"Sine.easeOut\">\n\t\t\t\t<img decoding=\"async\" src=\"https:\/\/aubergedelatable.com\/wp-content\/uploads\/2021\/12\/chambres-Double-STD-74-610x610.jpg\" alt=\"Chambre double standard | Auberge de la table\"\/>\n\t\t\t\t<img decoding=\"async\" src=\"https:\/\/aubergedelatable.com\/wp-content\/uploads\/2021\/12\/chambres-Double-STD-70-610x610.jpg\" alt=\"Chambre double standard | Auberge de la table\"\/>\n\t\t\t<\/div>\n\t\t\t<div class=\"distortion_grid_item-content\">\n\t\t\t\t<span class=\"distortion_grid_item-meta\">A partir de 300 000Ar<\/span>\n\t\t\t\t<h2 class=\"distortion_grid_item-title\">Bungalow Double Standard<\/h2>\n\t\t\t\t<div class=\"distortion_grid_item-subtitle\">\n\t\t\t\t\t<span><\/span>\n\t\t\t\t\t<a class=\"distortion_grid_item-link\" href=\"https:\/\/aubergedelatable.com\/fr\/h%C3%A9bergement\/bungalow-double-standard\/\" >plus de d\u00e9tails<\/a>\n\t\t\t\t<\/div>\n\t\t\t<\/div>\n\t\t<\/div>\n\t\t<div class=\"distortion_grid_item distortion_grid_item--bg theme-6\">\n\t\t\t<div class=\"distortion_grid_item-img\" data-displacement=\"https:\/\/aubergedelatable.com\/wp-content\/plugins\/hoteller-elementor\/assets\/images\/distortion-grid\/1.jpg\" data-intensity=\"-0.4\" data-speedIn=\"0.7\" data-speedOut=\"0.3\" data-easing=\"Sine.easeOut\">\n\t\t\t\t<img decoding=\"async\" src=\"https:\/\/aubergedelatable.com\/wp-content\/uploads\/2021\/12\/chambres-Double-SUP-31-610x610.jpg\" alt=\"\"\/>\n\t\t\t\t<img decoding=\"async\" src=\"https:\/\/aubergedelatable.com\/wp-content\/uploads\/2021\/12\/chambres-Double-SUP-42-610x610.jpg\" alt=\"\"\/>\n\t\t\t<\/div>\n\t\t\t<div class=\"distortion_grid_item-content\">\n\t\t\t\t<span class=\"distortion_grid_item-meta\">A partir de 375 000Ar<\/span>\n\t\t\t\t<h2 class=\"distortion_grid_item-title\">Bungalow Double Sup\u00e9rieur<\/h2>\n\t\t\t\t<div class=\"distortion_grid_item-subtitle\">\n\t\t\t\t\t<span><\/span>\n\t\t\t\t\t<a class=\"distortion_grid_item-link\" href=\"\/h\u00e9bergement\/bungalow-double-superieur\/\" >plus de d\u00e9tails<\/a>\n\t\t\t\t<\/div>\n\t\t\t<\/div>\n\t\t<\/div>\n\t\t<div class=\"distortion_grid_item distortion_grid_item--bg theme-6\">\n\t\t\t<div class=\"distortion_grid_item-img\" data-displacement=\"https:\/\/aubergedelatable.com\/wp-content\/plugins\/hoteller-elementor\/assets\/images\/distortion-grid\/1.jpg\" data-intensity=\"-0.4\" data-speedIn=\"0.7\" data-speedOut=\"0.3\" data-easing=\"Sine.easeOut\">\n\t\t\t\t<img decoding=\"async\" src=\"https:\/\/aubergedelatable.com\/wp-content\/uploads\/2021\/12\/chambres-Triple-STD-87-610x610.jpg\" alt=\"Chambre triple standard | Auberge de la table\"\/>\n\t\t\t\t<img decoding=\"async\" src=\"https:\/\/aubergedelatable.com\/wp-content\/uploads\/2021\/12\/chambres-Triple-STD-80-610x610.jpg\" alt=\"Chambre triple standard | Auberge de la table\"\/>\n\t\t\t<\/div>\n\t\t\t<div class=\"distortion_grid_item-content\">\n\t\t\t\t<span class=\"distortion_grid_item-meta\">A partir de 355 000Ar<\/span>\n\t\t\t\t<h2 class=\"distortion_grid_item-title\">Bungalow Triple Standard<\/h2>\n\t\t\t\t<div class=\"distortion_grid_item-subtitle\">\n\t\t\t\t\t<span><\/span>\n\t\t\t\t\t<a class=\"distortion_grid_item-link\" href=\"\/h\u00e9bergement\/bungalow-triple-standard\" >plus de d\u00e9tails<\/a>\n\t\t\t\t<\/div>\n\t\t\t<\/div>\n\t\t<\/div>\n\t\t<div class=\"distortion_grid_item distortion_grid_item--bg theme-6\">\n\t\t\t<div class=\"distortion_grid_item-img\" data-displacement=\"https:\/\/aubergedelatable.com\/wp-content\/plugins\/hoteller-elementor\/assets\/images\/distortion-grid\/1.jpg\" data-intensity=\"-0.4\" data-speedIn=\"0.7\" data-speedOut=\"0.3\" data-easing=\"Sine.easeOut\">\n\t\t\t\t<img decoding=\"async\" src=\"https:\/\/aubergedelatable.com\/wp-content\/uploads\/2021\/12\/chambres-Familiale-12-610x610.jpg\" alt=\"Chambre familiale | Auberge de la table\"\/>\n\t\t\t\t<img decoding=\"async\" src=\"https:\/\/aubergedelatable.com\/wp-content\/uploads\/2021\/12\/chambres-Familiale-9-610x610.jpg\" alt=\"Chambre familiale | Auberge de la table\"\/>\n\t\t\t<\/div>\n\t\t\t<div class=\"distortion_grid_item-content\">\n\t\t\t\t<span class=\"distortion_grid_item-meta\">A partir de 475 000Ar<\/span>\n\t\t\t\t<h2 class=\"distortion_grid_item-title\">Bungalow Famillial Standard<\/h2>\n\t\t\t\t<div class=\"distortion_grid_item-subtitle\">\n\t\t\t\t\t<span><\/span>\n\t\t\t\t\t<a class=\"distortion_grid_item-link\" href=\"\/h\u00e9bergement\/bungalow-familial\" >plus de d\u00e9tails<\/a>\n\t\t\t\t<\/div>\n\t\t\t<\/div>\n\t\t<\/div>\n\t\t<div class=\"distortion_grid_item distortion_grid_item--bg theme-6\">\n\t\t\t<div class=\"distortion_grid_item-img\" data-displacement=\"https:\/\/aubergedelatable.com\/wp-content\/plugins\/hoteller-elementor\/assets\/images\/distortion-grid\/1.jpg\" data-intensity=\"-0.4\" data-speedIn=\"0.7\" data-speedOut=\"0.3\" data-easing=\"Sine.easeOut\">\n\t\t\t\t<img decoding=\"async\" src=\"https:\/\/aubergedelatable.com\/wp-content\/uploads\/2021\/12\/chambres-Triple-SUP-53-610x610.jpg\" alt=\"Chambre triple sup\u00e9rieur | Auberge de la table\"\/>\n\t\t\t\t<img decoding=\"async\" src=\"https:\/\/aubergedelatable.com\/wp-content\/uploads\/2021\/12\/chambres-Triple-SUP-52-610x610.jpg\" alt=\"Chambre triple sup\u00e9rieur | Auberge de la table\"\/>\n\t\t\t<\/div>\n\t\t\t<div class=\"distortion_grid_item-content\">\n\t\t\t\t<span class=\"distortion_grid_item-meta\">A partir de 450 000Ar<\/span>\n\t\t\t\t<h2 class=\"distortion_grid_item-title\">Bungalow Triple Sup\u00e9rieur <\/h2>\n\t\t\t\t<div class=\"distortion_grid_item-subtitle\">\n\t\t\t\t\t<span><\/span>\n\t\t\t\t\t<a class=\"distortion_grid_item-link\" href=\"\/h\u00e9bergement\/bungalow-triple-superieur\/\" >plus de d\u00e9tails<\/a>\n\t\t\t\t<\/div>\n\t\t\t<\/div>\n\t\t<\/div>\n\t\t<div class=\"distortion_grid_item distortion_grid_item--bg theme-6\">\n\t\t\t<div class=\"distortion_grid_item-img\" data-displacement=\"https:\/\/aubergedelatable.com\/wp-content\/plugins\/hoteller-elementor\/assets\/images\/distortion-grid\/1.jpg\" data-intensity=\"-0.4\" data-speedIn=\"0.7\" data-speedOut=\"0.3\" data-easing=\"Sine.easeOut\">\n\t\t\t\t<img decoding=\"async\" src=\"https:\/\/aubergedelatable.com\/wp-content\/uploads\/2024\/04\/Bungalow-familial-superieur-2-610x610.webp\" alt=\"\"\/>\n\t\t\t\t<img decoding=\"async\" src=\"https:\/\/aubergedelatable.com\/wp-content\/uploads\/2024\/04\/Bungalow-familial-superieur-5-610x610.webp\" alt=\"Bungalow familial sup\u00e9rieur | Auberge de la table\"\/>\n\t\t\t<\/div>\n\t\t\t<div class=\"distortion_grid_item-content\">\n\t\t\t\t<span class=\"distortion_grid_item-meta\">A partir de 495\u202f000 Ar<\/span>\n\t\t\t\t<h2 class=\"distortion_grid_item-title\">Bungalow Familial Sup\u00e9rieur <\/h2>\n\t\t\t\t<div class=\"distortion_grid_item-subtitle\">\n\t\t\t\t\t<span><\/span>\n\t\t\t\t\t<a class=\"distortion_grid_item-link\" href=\"https:\/\/aubergedelatable.com\/fr\/h%C3%A9bergement\/bungalow-familial-superieur\/\" >plus de d\u00e9tails<\/a>\n\t\t\t\t<\/div>\n\t\t\t<\/div>\n\t\t<\/div>\n<\/div>\n\t\t\t\t<\/div>\n\t\t\t\t<\/div>\n\t\t\t\t\t<\/div>\n\t\t<\/div>\n\t\t\t\t\t<\/div>\n\t\t<\/section>\n\t\t<div class=\"elementor-element elementor-element-984d3e1 e-flex e-con-boxed e-con e-parent\" data-id=\"984d3e1\" data-element_type=\"container\" data-e-type=\"container\">\n\t\t\t\t\t<div class=\"e-con-inner\">\n\t\t\t\t<div class=\"elementor-element elementor-element-8c16eeb elementor-widget elementor-widget-heading\" data-id=\"8c16eeb\" data-element_type=\"widget\" data-e-type=\"widget\" data-settings=\"{&quot;hoteller_ext_link_sidemenu&quot;:&quot;false&quot;,&quot;hoteller_ext_link_fullmenu&quot;:&quot;false&quot;,&quot;hoteller_ext_is_scrollme&quot;:&quot;false&quot;,&quot;hoteller_ext_is_smoove&quot;:&quot;false&quot;,&quot;hoteller_ext_is_parallax_mouse&quot;:&quot;false&quot;,&quot;hoteller_ext_is_infinite&quot;:&quot;false&quot;,&quot;hoteller_ext_is_fadeout_animation&quot;:&quot;false&quot;}\" data-widget_type=\"heading.default\">\n\t\t\t\t<div class=\"elementor-widget-container\">\n\t\t\t\t\t<h2 class=\"elementor-heading-title elementor-size-default\">Ajoutez votre titre ici<\/h2>\t\t\t\t<\/div>\n\t\t\t\t<\/div>\n\t\t\t\t\t<\/div>\n\t\t\t\t<\/div>\n\t\t<div class=\"elementor-element elementor-element-464860a e-flex e-con-boxed e-con e-parent\" data-id=\"464860a\" data-element_type=\"container\" data-e-type=\"container\">\n\t\t\t\t\t<div class=\"e-con-inner\">\n\t\t\t\t\t<\/div>\n\t\t\t\t<\/div>\n\t\t\t\t<\/div>\n\t\t","protected":false},"excerpt":{"rendered":"<p>Nos Bungalows l&rsquo;autenticit\u00e9 de nos logements, grace aux mat\u00e9riaux employ\u00e9s, naturels pour la majorit\u00e9. D\u00e9couvrez nos bungalows avec vue sur le jardin, entr\u00e9e priv\u00e9e, moustiquaire et salle de bains privative. Construits avec des mat\u00e9riaux naturels locaux, chaque bungalow offre une [&hellip;]<\/p>\n","protected":false},"author":1,"featured_media":0,"parent":0,"menu_order":0,"comment_status":"closed","ping_status":"closed","template":"","meta":{"footnotes":""},"class_list":["post-204","page","type-page","status-publish","hentry"],"aioseo_notices":[],"_links":{"self":[{"href":"https:\/\/aubergedelatable.com\/fr\/wp-json\/wp\/v2\/pages\/204","targetHints":{"allow":["GET"]}}],"collection":[{"href":"https:\/\/aubergedelatable.com\/fr\/wp-json\/wp\/v2\/pages"}],"about":[{"href":"https:\/\/aubergedelatable.com\/fr\/wp-json\/wp\/v2\/types\/page"}],"author":[{"embeddable":true,"href":"https:\/\/aubergedelatable.com\/fr\/wp-json\/wp\/v2\/users\/1"}],"replies":[{"embeddable":true,"href":"https:\/\/aubergedelatable.com\/fr\/wp-json\/wp\/v2\/comments?post=204"}],"version-history":[{"count":30,"href":"https:\/\/aubergedelatable.com\/fr\/wp-json\/wp\/v2\/pages\/204\/revisions"}],"predecessor-version":[{"id":4648,"href":"https:\/\/aubergedelatable.com\/fr\/wp-json\/wp\/v2\/pages\/204\/revisions\/4648"}],"wp:attachment":[{"href":"https:\/\/aubergedelatable.com\/fr\/wp-json\/wp\/v2\/media?parent=204"}],"curies":[{"name":"wp","href":"https:\/\/api.w.org\/{rel}","templated":true}]}}