{"id":2907,"date":"2021-12-15T07:40:07","date_gmt":"2021-12-15T06:40:07","guid":{"rendered":"http:\/\/auberge.madalacarte.com\/?page_id=2907"},"modified":"2026-01-16T12:30:45","modified_gmt":"2026-01-16T09:30:45","slug":"arboretum-dantsokay","status":"publish","type":"page","link":"https:\/\/aubergedelatable.com\/fr\/arboretum-dantsokay\/","title":{"rendered":"\u00a0Arboretum d\u2019Antsokay"},"content":{"rendered":"\t\t<div data-elementor-type=\"wp-page\" data-elementor-id=\"2907\" class=\"elementor elementor-2907\">\n\t\t\t\t<div class=\"elementor-element elementor-element-334a0ab e-flex e-con-boxed e-con e-parent\" data-id=\"334a0ab\" data-element_type=\"container\" data-e-type=\"container\">\n\t\t\t\t\t<div class=\"e-con-inner\">\n\t\t<div class=\"elementor-element elementor-element-cf352a6 e-con-full e-flex e-con e-child\" data-id=\"cf352a6\" data-element_type=\"container\" data-e-type=\"container\">\n\t\t\t\t<div class=\"elementor-element elementor-element-dc93f65 elementor-widget elementor-widget-text-editor\" data-id=\"dc93f65\" data-element_type=\"widget\" data-e-type=\"widget\" data-settings=\"{&quot;hoteller_ext_link_sidemenu&quot;:&quot;false&quot;,&quot;hoteller_ext_link_fullmenu&quot;:&quot;false&quot;,&quot;hoteller_ext_is_scrollme&quot;:&quot;false&quot;,&quot;hoteller_ext_is_smoove&quot;:&quot;false&quot;,&quot;hoteller_ext_is_parallax_mouse&quot;:&quot;false&quot;,&quot;hoteller_ext_is_infinite&quot;:&quot;false&quot;,&quot;hoteller_ext_is_fadeout_animation&quot;:&quot;false&quot;}\" data-widget_type=\"text-editor.default\">\n\t\t\t\t<div class=\"elementor-widget-container\">\n\t\t\t\t\t\t\t\t\t<div class=\"yiv3247417666\"><span class=\"yiv3247417666\"><b class=\"yiv3247417666\"><i class=\"yiv3247417666\">\u00a0<\/i><\/b><\/span><span class=\"yiv3247417666\">Dur\u00e9e :\u00a0Une \u00e0 deux heures\u00a0<\/span><\/div><div>\u00a0<\/div><div class=\"yiv3247417666\"><span class=\"yiv3247417666\">Activit\u00e9 :<\/span><\/div><ul class=\"yiv3247417666\"><li class=\"yiv3247417666\"><span class=\"yiv3247417666\"><b class=\"yiv3247417666\">Parc botanique :<\/b>\u00a0Visite guid\u00e9e \u00e0 travers un sentier botanique o\u00f9 sont regroup\u00e9es plus de 900 esp\u00e8ces de plantes dont 90% est end\u00e9mique au sud-ouest de Madagascar. Egalement de nombreux oiseaux et reptiles. La visite nocturne permet d\u2019observer les l\u00e9muriens nocturnes\u00a0<i class=\"yiv3247417666\">(Microcebus griseorufus).\u00a0<\/i><\/span><\/li><\/ul><div>\u00a0<\/div><div class=\"yiv3247417666\"><span class=\"yiv3247417666\">Tarif : 30,000Ar\/ personne, guidage inclut. Entr\u00e9e offerte pour les clients en chambres. 20,000Ar suppl\u00e9mentaire \/\u00a0 groupe de 10 personnes pour les visites nocturnes.<\/span><\/div><div class=\"yiv3247417666\">\u00a0<\/div><div class=\"yiv3247417666\"><span class=\"yiv3247417666\">Activit\u00e9 :<\/span><\/div><ul class=\"yiv3247417666\"><li class=\"yiv3247417666\"><span class=\"yiv3247417666\"><b class=\"yiv3247417666\">Observation des \u00e9toile<\/b>s : Madagascar offre l\u2019un des meilleurs endroits au monde pour l\u2019observation \u00e0 l&rsquo;\u0153il nu des \u00e9toiles.\u00a0<\/span><\/li><\/ul><div class=\"yiv3247417666\"><span class=\"yiv3247417666\">Tarif : GRATUIT.<\/span><\/div>\t\t\t\t\t\t\t\t<\/div>\n\t\t\t\t<\/div>\n\t\t\t\t<\/div>\n\t\t<div class=\"elementor-element elementor-element-c16a067 e-con-full e-flex e-con e-child\" data-id=\"c16a067\" data-element_type=\"container\" data-e-type=\"container\">\n\t\t\t\t<div class=\"elementor-element elementor-element-e2b2fd6 elementor-widget elementor-widget-hoteller-gallery-grid\" data-id=\"e2b2fd6\" data-element_type=\"widget\" data-e-type=\"widget\" data-settings=\"{&quot;hoteller_ext_link_sidemenu&quot;:&quot;false&quot;,&quot;hoteller_ext_link_fullmenu&quot;:&quot;false&quot;,&quot;hoteller_ext_is_scrollme&quot;:&quot;false&quot;,&quot;hoteller_ext_is_smoove&quot;:&quot;false&quot;,&quot;hoteller_ext_is_parallax_mouse&quot;:&quot;false&quot;,&quot;hoteller_ext_is_infinite&quot;:&quot;false&quot;,&quot;hoteller_ext_is_fadeout_animation&quot;:&quot;false&quot;}\" data-widget_type=\"hoteller-gallery-grid.default\">\n\t\t\t\t<div class=\"elementor-widget-container\">\n\t\t\t\t\t<div class=\"gallery_grid_content_wrapper layout_tg_two_cols \">\n\t\t<div class=\"gallery_grid_item tg_two_cols  gallery-grid-tilt \">\n\t\t\t\t\t\t\t<a class=\"tg_gallery_lightbox\" href=\"https:\/\/aubergedelatable.com\/wp-content\/uploads\/2021\/12\/arboretum-107.jpg\" data-thumb=\"https:\/\/aubergedelatable.com\/wp-content\/uploads\/2021\/12\/arboretum-107-300x200.jpg\" data-rel=\"tg_gallerye2b2fd6\"  >\n\t\t\t\t\t\t\t<img decoding=\"async\"  src=\"https:\/\/aubergedelatable.com\/wp-content\/uploads\/2021\/12\/arboretum-107-700x466.jpg\" class=\"\" alt=\"\" \/>\n\t\t\t\t\t\n\t\t\t\t<div class=\"bg_overlay\"><\/div>\n\t\t\t\t<div class=\"tg_gallery_grid_title\">arboretum (107)<\/div>\n\t\t\t\t\t\t\t<\/a>\n\t\t\t\t\t<\/div>\n\t\t<div class=\"gallery_grid_item tg_two_cols last gallery-grid-tilt \">\n\t\t\t\t\t\t\t<a class=\"tg_gallery_lightbox\" href=\"https:\/\/aubergedelatable.com\/wp-content\/uploads\/2021\/12\/arboretum-103.jpg\" data-thumb=\"https:\/\/aubergedelatable.com\/wp-content\/uploads\/2021\/12\/arboretum-103-300x200.jpg\" data-rel=\"tg_gallerye2b2fd6\"  >\n\t\t\t\t\t\t\t<img decoding=\"async\"  src=\"https:\/\/aubergedelatable.com\/wp-content\/uploads\/2021\/12\/arboretum-103-700x466.jpg\" class=\"\" alt=\"\" \/>\n\t\t\t\t\t\n\t\t\t\t<div class=\"bg_overlay\"><\/div>\n\t\t\t\t<div class=\"tg_gallery_grid_title\">arboretum (103)<\/div>\n\t\t\t\t\t\t\t<\/a>\n\t\t\t\t\t<\/div>\n\t\t<div class=\"gallery_grid_item tg_two_cols  gallery-grid-tilt \">\n\t\t\t\t\t\t\t<a class=\"tg_gallery_lightbox\" href=\"https:\/\/aubergedelatable.com\/wp-content\/uploads\/2021\/12\/arboretum-97.jpg\" data-thumb=\"https:\/\/aubergedelatable.com\/wp-content\/uploads\/2021\/12\/arboretum-97-300x200.jpg\" data-rel=\"tg_gallerye2b2fd6\"  >\n\t\t\t\t\t\t\t<img decoding=\"async\"  src=\"https:\/\/aubergedelatable.com\/wp-content\/uploads\/2021\/12\/arboretum-97-700x466.jpg\" class=\"\" alt=\"\" \/>\n\t\t\t\t\t\n\t\t\t\t<div class=\"bg_overlay\"><\/div>\n\t\t\t\t<div class=\"tg_gallery_grid_title\">arboretum (97)<\/div>\n\t\t\t\t\t\t\t<\/a>\n\t\t\t\t\t<\/div>\n\t\t<div class=\"gallery_grid_item tg_two_cols last gallery-grid-tilt \">\n\t\t\t\t\t\t\t<a class=\"tg_gallery_lightbox\" href=\"https:\/\/aubergedelatable.com\/wp-content\/uploads\/2021\/12\/arboretum-95.jpg\" data-thumb=\"https:\/\/aubergedelatable.com\/wp-content\/uploads\/2021\/12\/arboretum-95-300x200.jpg\" data-rel=\"tg_gallerye2b2fd6\"  >\n\t\t\t\t\t\t\t<img decoding=\"async\"  src=\"https:\/\/aubergedelatable.com\/wp-content\/uploads\/2021\/12\/arboretum-95-700x466.jpg\" class=\"\" alt=\"\" \/>\n\t\t\t\t\t\n\t\t\t\t<div class=\"bg_overlay\"><\/div>\n\t\t\t\t<div class=\"tg_gallery_grid_title\">arboretum (95)<\/div>\n\t\t\t\t\t\t\t<\/a>\n\t\t\t\t\t<\/div>\n\t\t<div class=\"gallery_grid_item tg_two_cols  gallery-grid-tilt \">\n\t\t\t\t\t\t\t<a class=\"tg_gallery_lightbox\" href=\"https:\/\/aubergedelatable.com\/wp-content\/uploads\/2021\/12\/arboretum-87.jpg\" data-thumb=\"https:\/\/aubergedelatable.com\/wp-content\/uploads\/2021\/12\/arboretum-87-300x200.jpg\" data-rel=\"tg_gallerye2b2fd6\"  >\n\t\t\t\t\t\t\t<img decoding=\"async\"  src=\"https:\/\/aubergedelatable.com\/wp-content\/uploads\/2021\/12\/arboretum-87-700x466.jpg\" class=\"\" alt=\"\" \/>\n\t\t\t\t\t\n\t\t\t\t<div class=\"bg_overlay\"><\/div>\n\t\t\t\t<div class=\"tg_gallery_grid_title\">arboretum (87)<\/div>\n\t\t\t\t\t\t\t<\/a>\n\t\t\t\t\t<\/div>\n\t\t<div class=\"gallery_grid_item tg_two_cols last gallery-grid-tilt \">\n\t\t\t\t\t\t\t<a class=\"tg_gallery_lightbox\" href=\"https:\/\/aubergedelatable.com\/wp-content\/uploads\/2021\/12\/arboretum-10.jpg\" data-thumb=\"https:\/\/aubergedelatable.com\/wp-content\/uploads\/2021\/12\/arboretum-10-300x200.jpg\" data-rel=\"tg_gallerye2b2fd6\"  >\n\t\t\t\t\t\t\t<img decoding=\"async\"  src=\"https:\/\/aubergedelatable.com\/wp-content\/uploads\/2021\/12\/arboretum-10-700x466.jpg\" class=\"\" alt=\"\" \/>\n\t\t\t\t\t\n\t\t\t\t<div class=\"bg_overlay\"><\/div>\n\t\t\t\t<div class=\"tg_gallery_grid_title\">arboretum (10)<\/div>\n\t\t\t\t\t\t\t<\/a>\n\t\t\t\t\t<\/div>\n<br class=\"clear\"\/>\n<\/div>\n\t\t\t\t<\/div>\n\t\t\t\t<\/div>\n\t\t\t\t<\/div>\n\t\t\t\t\t<\/div>\n\t\t\t\t<\/div>\n\t\t<div class=\"elementor-element elementor-element-0cf5740 e-flex e-con-boxed e-con e-parent\" data-id=\"0cf5740\" data-element_type=\"container\" data-e-type=\"container\">\n\t\t\t\t\t<div class=\"e-con-inner\">\n\t\t\t\t<div class=\"elementor-element elementor-element-a05b8cd elementor-widget elementor-widget-google_maps\" data-id=\"a05b8cd\" data-element_type=\"widget\" data-e-type=\"widget\" data-settings=\"{&quot;hoteller_ext_link_sidemenu&quot;:&quot;false&quot;,&quot;hoteller_ext_link_fullmenu&quot;:&quot;false&quot;,&quot;hoteller_ext_is_scrollme&quot;:&quot;false&quot;,&quot;hoteller_ext_is_smoove&quot;:&quot;false&quot;,&quot;hoteller_ext_is_parallax_mouse&quot;:&quot;false&quot;,&quot;hoteller_ext_is_infinite&quot;:&quot;false&quot;,&quot;hoteller_ext_is_fadeout_animation&quot;:&quot;false&quot;}\" data-widget_type=\"google_maps.default\">\n\t\t\t\t<div class=\"elementor-widget-container\">\n\t\t\t\t\t\t\t<div class=\"elementor-custom-embed\">\n\t\t\t<iframe loading=\"lazy\"\n\t\t\t\t\tsrc=\"https:\/\/maps.google.com\/maps?q=arboretum%2Ctul%C3%A9ar&#038;t=m&#038;z=12&#038;output=embed&#038;iwloc=near\"\n\t\t\t\t\ttitle=\"arboretum,tul\u00e9ar\"\n\t\t\t\t\taria-label=\"arboretum,tul\u00e9ar\"\n\t\t\t><\/iframe>\n\t\t<\/div>\n\t\t\t\t\t\t<\/div>\n\t\t\t\t<\/div>\n\t\t\t\t\t<\/div>\n\t\t\t\t<\/div>\n\t\t\t\t<\/div>\n\t\t","protected":false},"excerpt":{"rendered":"<p>\u00a0Dur\u00e9e :\u00a0Une \u00e0 deux heures\u00a0\u00a0Activit\u00e9 : Parc botanique :\u00a0Visite guid\u00e9e \u00e0 travers un sentier botanique o\u00f9 sont regroup\u00e9es plus de 900 esp\u00e8ces de plantes dont 90% est end\u00e9mique au sud-ouest de Madagascar. Egalement de nombreux oiseaux et reptiles. La visite [&hellip;]<\/p>\n","protected":false},"author":1,"featured_media":0,"parent":0,"menu_order":0,"comment_status":"closed","ping_status":"closed","template":"","meta":{"footnotes":""},"class_list":["post-2907","page","type-page","status-publish","hentry"],"aioseo_notices":[],"_links":{"self":[{"href":"https:\/\/aubergedelatable.com\/fr\/wp-json\/wp\/v2\/pages\/2907","targetHints":{"allow":["GET"]}}],"collection":[{"href":"https:\/\/aubergedelatable.com\/fr\/wp-json\/wp\/v2\/pages"}],"about":[{"href":"https:\/\/aubergedelatable.com\/fr\/wp-json\/wp\/v2\/types\/page"}],"author":[{"embeddable":true,"href":"https:\/\/aubergedelatable.com\/fr\/wp-json\/wp\/v2\/users\/1"}],"replies":[{"embeddable":true,"href":"https:\/\/aubergedelatable.com\/fr\/wp-json\/wp\/v2\/comments?post=2907"}],"version-history":[{"count":6,"href":"https:\/\/aubergedelatable.com\/fr\/wp-json\/wp\/v2\/pages\/2907\/revisions"}],"predecessor-version":[{"id":4701,"href":"https:\/\/aubergedelatable.com\/fr\/wp-json\/wp\/v2\/pages\/2907\/revisions\/4701"}],"wp:attachment":[{"href":"https:\/\/aubergedelatable.com\/fr\/wp-json\/wp\/v2\/media?parent=2907"}],"curies":[{"name":"wp","href":"https:\/\/api.w.org\/{rel}","templated":true}]}}