{"id":2939,"date":"2021-12-16T09:03:57","date_gmt":"2021-12-16T08:03:57","guid":{"rendered":"http:\/\/auberge.madalacarte.com\/?page_id=2939"},"modified":"2024-03-14T11:16:39","modified_gmt":"2024-03-14T08:16:39","slug":"ankoronga-andatabao","status":"publish","type":"page","link":"https:\/\/aubergedelatable.com\/fr\/ankoronga-andatabao\/","title":{"rendered":"\u00a0Ankoronga &#8211; Andatabo"},"content":{"rendered":"\t\t<div data-elementor-type=\"wp-page\" data-elementor-id=\"2939\" class=\"elementor elementor-2939\">\n\t\t\t\t<div class=\"elementor-element elementor-element-7c1d1c6 e-flex e-con-boxed e-con e-parent\" data-id=\"7c1d1c6\" data-element_type=\"container\" data-e-type=\"container\">\n\t\t\t\t\t<div class=\"e-con-inner\">\n\t\t<div class=\"elementor-element elementor-element-5a49ea2 e-con-full e-flex e-con e-child\" data-id=\"5a49ea2\" data-element_type=\"container\" data-e-type=\"container\">\n\t\t\t\t<div class=\"elementor-element elementor-element-9963e3f elementor-widget elementor-widget-wp-widget-text\" data-id=\"9963e3f\" data-element_type=\"widget\" data-e-type=\"widget\" data-settings=\"{&quot;hoteller_ext_link_sidemenu&quot;:&quot;false&quot;,&quot;hoteller_ext_link_fullmenu&quot;:&quot;false&quot;,&quot;hoteller_ext_is_scrollme&quot;:&quot;false&quot;,&quot;hoteller_ext_is_smoove&quot;:&quot;false&quot;,&quot;hoteller_ext_is_parallax_mouse&quot;:&quot;false&quot;,&quot;hoteller_ext_is_infinite&quot;:&quot;false&quot;,&quot;hoteller_ext_is_fadeout_animation&quot;:&quot;false&quot;}\" data-widget_type=\"wp-widget-text.default\">\n\t\t\t\t<div class=\"elementor-widget-container\">\n\t\t\t\t\t\t\t\t<div class=\"textwidget\"><div class=\"yiv9798457115\"><span class=\"yiv9798457115\"><b class=\"yiv9798457115\"><\/b>Dur\u00e9e :<b class=\"yiv9798457115\">\u00a0<\/b>Demi journ\u00e9e \u00a0<\/span><\/div>\n<div class=\"yiv9798457115\"><\/div>\n<div><\/div>\n<div>Activit\u00e9s :<\/div>\n<ul class=\"yiv9798457115\">\n<li class=\"yiv9798457115\"><span class=\"yiv9798457115\"><b class=\"yiv9798457115\">Circuit Andatabo :<\/b>\u00a0Promenade dans le sentier de la montagne de la Table, cette montagne est connue pour avoir la forme d\u2019une table. Le sentier abrite diff\u00e9rentes plantes m\u00e9dicinales et reptiles ainsi que l\u2019esp\u00e8ce d\u2019oiseau rare, le\u00a0<i class=\"yiv9798457115\">Vanga<\/i>\u00a0\u00e0 \u00e9paule rouge end\u00e9mique du sud-ouest. Le sommet offre une vue sur la region.\u00a0<\/span><\/li>\n<\/ul>\n<ul class=\"yiv9798457115\">\n<li class=\"yiv9798457115\"><span class=\"yiv9798457115\"><b class=\"yiv9798457115\">Visite du village d\u2019Ankoronga :\u00a0<\/b>La promenade permet de visiter la fabrique de foyers am\u00e9lior\u00e9s, la construction de charrette \u00e0 z\u00e9bu ainsi que le tressage de cheveux, une femme offre \u00e9galement ses services pour tresser les cheveux \u00e0 la fa\u00e7on malgache.\u00a0<\/span><\/li>\n<\/ul>\n<div><\/div>\n<div class=\"yiv9798457115\"><span class=\"yiv9798457115\">Tarif<i class=\"yiv9798457115\"> :\u00a0 <\/i>230,000Ar \/ 2 personnes. Le tarif inclut le transport en v\u00e9hicule, droit d\u2019entr\u00e9e, visite du village, petite collation, accompagnement guide local.<\/span><\/div>\n<p class=\"yiv9798457115\"><span class=\"yiv9798457115\">\u00a0\u00a0<\/span><\/p>\n<\/div>\n\t\t\t\t\t\t<\/div>\n\t\t\t\t<\/div>\n\t\t\t\t<\/div>\n\t\t<div class=\"elementor-element elementor-element-edc7759 e-con-full e-flex e-con e-child\" data-id=\"edc7759\" data-element_type=\"container\" data-e-type=\"container\">\n\t\t\t\t<div class=\"elementor-element elementor-element-f0125a2 elementor-widget elementor-widget-image-gallery\" data-id=\"f0125a2\" data-element_type=\"widget\" data-e-type=\"widget\" data-settings=\"{&quot;hoteller_ext_link_sidemenu&quot;:&quot;false&quot;,&quot;hoteller_ext_link_fullmenu&quot;:&quot;false&quot;,&quot;hoteller_ext_is_scrollme&quot;:&quot;false&quot;,&quot;hoteller_ext_is_smoove&quot;:&quot;false&quot;,&quot;hoteller_ext_is_parallax_mouse&quot;:&quot;false&quot;,&quot;hoteller_ext_is_infinite&quot;:&quot;false&quot;,&quot;hoteller_ext_is_fadeout_animation&quot;:&quot;false&quot;}\" data-widget_type=\"image-gallery.default\">\n\t\t\t\t<div class=\"elementor-widget-container\">\n\t\t\t\t\t\t\t<div class=\"elementor-image-gallery\">\n\t\t\t\n\t\t<style type=\"text\/css\">\n\t\t\t#gallery-1 {\n\t\t\t\tmargin: auto;\n\t\t\t}\n\t\t\t#gallery-1 .gallery-item {\n\t\t\t\tfloat: left;\n\t\t\t\tmargin-top: 10px;\n\t\t\t\ttext-align: center;\n\t\t\t\twidth: 100%;\n\t\t\t}\n\t\t\t#gallery-1 img {\n\t\t\t\tborder: 2px solid #cfcfcf;\n\t\t\t}\n\t\t\t#gallery-1 .gallery-caption {\n\t\t\t\tmargin-left: 0;\n\t\t\t}\n\t\t\t\/* see gallery_shortcode() in wp-includes\/media.php *\/\n\t\t<\/style>\n\t\t<div id='gallery-1' class='gallery galleryid-2939 gallery-columns-1 gallery-size-large'><dl class='gallery-item'>\n\t\t\t<dt class='gallery-icon landscape'>\n\t\t\t\t<a data-elementor-open-lightbox=\"yes\" data-elementor-lightbox-slideshow=\"f0125a2\" data-elementor-lightbox-title=\"AnyConv.com__andatab\" data-e-action-hash=\"#elementor-action%3Aaction%3Dlightbox%26settings%3DeyJpZCI6MzU0MiwidXJsIjoiaHR0cHM6XC9cL2F1YmVyZ2VkZWxhdGFibGUuY29tXC93cC1jb250ZW50XC91cGxvYWRzXC8yMDIyXC8wMVwvQW55Q29udi5jb21fX2FuZGF0YWIuanBlZyIsInNsaWRlc2hvdyI6ImYwMTI1YTIifQ%3D%3D\" href='https:\/\/aubergedelatable.com\/wp-content\/uploads\/2022\/01\/AnyConv.com__andatab.jpeg'><img fetchpriority=\"high\" decoding=\"async\" width=\"1024\" height=\"686\" src=\"https:\/\/aubergedelatable.com\/wp-content\/uploads\/2022\/01\/AnyConv.com__andatab-1024x686.jpeg\" class=\"attachment-large size-large\" alt=\"\" srcset=\"https:\/\/aubergedelatable.com\/wp-content\/uploads\/2022\/01\/AnyConv.com__andatab-1024x686.jpeg 1024w, https:\/\/aubergedelatable.com\/wp-content\/uploads\/2022\/01\/AnyConv.com__andatab-300x201.jpeg 300w, https:\/\/aubergedelatable.com\/wp-content\/uploads\/2022\/01\/AnyConv.com__andatab-768x514.jpeg 768w, https:\/\/aubergedelatable.com\/wp-content\/uploads\/2022\/01\/AnyConv.com__andatab-18x12.jpeg 18w, https:\/\/aubergedelatable.com\/wp-content\/uploads\/2022\/01\/AnyConv.com__andatab-440x295.jpeg 440w, https:\/\/aubergedelatable.com\/wp-content\/uploads\/2022\/01\/AnyConv.com__andatab-600x402.jpeg 600w, https:\/\/aubergedelatable.com\/wp-content\/uploads\/2022\/01\/AnyConv.com__andatab.jpeg 1080w\" sizes=\"(max-width: 1024px) 100vw, 1024px\" \/><\/a>\n\t\t\t<\/dt><\/dl><br style=\"clear: both\" \/>\n\t\t<\/div>\n\t\t<\/div>\n\t\t\t\t\t\t<\/div>\n\t\t\t\t<\/div>\n\t\t\t\t<\/div>\n\t\t\t\t\t<\/div>\n\t\t\t\t<\/div>\n\t\t\t\t<\/div>\n\t\t","protected":false},"excerpt":{"rendered":"","protected":false},"author":1,"featured_media":0,"parent":0,"menu_order":0,"comment_status":"closed","ping_status":"closed","template":"","meta":{"footnotes":""},"class_list":["post-2939","page","type-page","status-publish","hentry"],"aioseo_notices":[],"_links":{"self":[{"href":"https:\/\/aubergedelatable.com\/fr\/wp-json\/wp\/v2\/pages\/2939","targetHints":{"allow":["GET"]}}],"collection":[{"href":"https:\/\/aubergedelatable.com\/fr\/wp-json\/wp\/v2\/pages"}],"about":[{"href":"https:\/\/aubergedelatable.com\/fr\/wp-json\/wp\/v2\/types\/page"}],"author":[{"embeddable":true,"href":"https:\/\/aubergedelatable.com\/fr\/wp-json\/wp\/v2\/users\/1"}],"replies":[{"embeddable":true,"href":"https:\/\/aubergedelatable.com\/fr\/wp-json\/wp\/v2\/comments?post=2939"}],"version-history":[{"count":0,"href":"https:\/\/aubergedelatable.com\/fr\/wp-json\/wp\/v2\/pages\/2939\/revisions"}],"wp:attachment":[{"href":"https:\/\/aubergedelatable.com\/fr\/wp-json\/wp\/v2\/media?parent=2939"}],"curies":[{"name":"wp","href":"https:\/\/api.w.org\/{rel}","templated":true}]}}