{"id":2974,"date":"2021-12-17T08:52:04","date_gmt":"2021-12-17T07:52:04","guid":{"rendered":"http:\/\/auberge.madalacarte.com\/?page_id=2974"},"modified":"2026-01-16T12:37:34","modified_gmt":"2026-01-16T09:37:34","slug":"saro-drano","status":"publish","type":"page","link":"https:\/\/aubergedelatable.com\/fr\/saro-drano\/","title":{"rendered":"\u00a0\u00a0Sarodrano"},"content":{"rendered":"\t\t<div data-elementor-type=\"wp-page\" data-elementor-id=\"2974\" class=\"elementor elementor-2974\">\n\t\t\t\t<div class=\"elementor-element elementor-element-1384db9 e-flex e-con-boxed e-con e-parent\" data-id=\"1384db9\" data-element_type=\"container\" data-e-type=\"container\">\n\t\t\t\t\t<div class=\"e-con-inner\">\n\t\t<div class=\"elementor-element elementor-element-5db40b0 e-con-full e-flex e-con e-child\" data-id=\"5db40b0\" data-element_type=\"container\" data-e-type=\"container\">\n\t\t\t\t<div class=\"elementor-element elementor-element-6f4d856 elementor-widget elementor-widget-text-editor\" data-id=\"6f4d856\" data-element_type=\"widget\" data-e-type=\"widget\" data-settings=\"{&quot;hoteller_ext_link_sidemenu&quot;:&quot;false&quot;,&quot;hoteller_ext_link_fullmenu&quot;:&quot;false&quot;,&quot;hoteller_ext_is_scrollme&quot;:&quot;false&quot;,&quot;hoteller_ext_is_smoove&quot;:&quot;false&quot;,&quot;hoteller_ext_is_parallax_mouse&quot;:&quot;false&quot;,&quot;hoteller_ext_is_infinite&quot;:&quot;false&quot;,&quot;hoteller_ext_is_fadeout_animation&quot;:&quot;false&quot;}\" data-widget_type=\"text-editor.default\">\n\t\t\t\t<div class=\"elementor-widget-container\">\n\t\t\t\t\t\t\t\t\t<div class=\"yiv3247417666\">\n<div class=\"yiv9798457115\">\n<div class=\"yiv9798457115\"><span class=\"yiv9798457115\">Dur\u00e9e :&nbsp;Journ\u00e9e&nbsp;<\/span><\/div>\n<div>&nbsp;<\/div>\n<div class=\"yiv9798457115\"><span class=\"yiv9798457115\">Activit\u00e9s :<\/span><\/div>\n<ul class=\"yiv9798457115\">\n<li class=\"yiv9798457115\"><span class=\"yiv9798457115\"><b class=\"yiv9798457115\">Visite des mangroves en pirogue :&nbsp;<\/b>Balade en pirogue vezo \u00e0 travers les mangroves. La visite des mangroves d\u00e9pend toujours de la mar\u00e9e, l\u2019itin\u00e9raire est donc flexible et il peut \u00eatre n\u00e9cessaire de s\u2019adapter aux heures de la mar\u00e9e.<\/span><\/li>\n<\/ul>\n<ul class=\"yiv9798457115\">\n<li class=\"yiv9798457115\"><span class=\"yiv9798457115\"><b class=\"yiv9798457115\">Visite de la grotte de Sarodrano :&nbsp;<\/b>La grotte de Sarodrano est un endroit ideal pour se reposer et se baigner.<\/span><\/li>\n<\/ul>\n<ul class=\"yiv9798457115\">\n<li class=\"yiv9798457115\"><span class=\"yiv9798457115\"><b class=\"yiv9798457115\">Visite du village de Sarodrano :&nbsp;<\/b>Le village de Sarodrano est situ\u00e9 dans une petite p\u00e9ninsule de sable.<\/span><\/li>\n<\/ul>\n<ul class=\"yiv9798457115\">\n<li class=\"yiv9798457115\"><span class=\"yiv9798457115\"><b class=\"yiv9798457115\">Visite du circuit Moringa:&nbsp;<\/b>A 400m de la grotte de Sarodrano, le circuit Moringa traverse le fourr\u00e9 xerophile et offre une vue magnifique sur la presqu\u2019ile de Sarodrano. Circuit de 45mn \u00e0 une heure.&nbsp;<\/span><\/li>\n<\/ul>\n<div class=\"yiv9798457115\">&nbsp;<\/div>\n<div class=\"yiv9798457115\"><span class=\"yiv9798457115\">Tarif : 500,000Ar \/ 2 personnes. Le tarif inclut le transport en v\u00e9hicule, entr\u00e9e grotte et circuit Moringa, balade en pirogue dans les mangroves, visite du village, petite collation, accompagnement guide local. 300,000Ar \/ personne suppl\u00e9mentaire.<\/span><\/div>\n<\/div>\n<\/div>\t\t\t\t\t\t\t\t<\/div>\n\t\t\t\t<\/div>\n\t\t\t\t<\/div>\n\t\t<div class=\"elementor-element elementor-element-ebc4a14 e-con-full e-flex e-con e-child\" data-id=\"ebc4a14\" data-element_type=\"container\" data-e-type=\"container\">\n\t\t\t\t<div class=\"elementor-element elementor-element-d67071a elementor-widget elementor-widget-hoteller-gallery-grid\" data-id=\"d67071a\" data-element_type=\"widget\" data-e-type=\"widget\" data-settings=\"{&quot;hoteller_ext_link_sidemenu&quot;:&quot;false&quot;,&quot;hoteller_ext_link_fullmenu&quot;:&quot;false&quot;,&quot;hoteller_ext_is_scrollme&quot;:&quot;false&quot;,&quot;hoteller_ext_is_smoove&quot;:&quot;false&quot;,&quot;hoteller_ext_is_parallax_mouse&quot;:&quot;false&quot;,&quot;hoteller_ext_is_infinite&quot;:&quot;false&quot;,&quot;hoteller_ext_is_fadeout_animation&quot;:&quot;false&quot;}\" data-widget_type=\"hoteller-gallery-grid.default\">\n\t\t\t\t<div class=\"elementor-widget-container\">\n\t\t\t\t\t<div class=\"gallery_grid_content_wrapper layout_tg_two_cols \">\n\t\t<div class=\"gallery_grid_item tg_two_cols  gallery-grid-tilt \">\n\t\t\t\t\t\t\t<a class=\"tg_gallery_lightbox\" href=\"https:\/\/aubergedelatable.com\/wp-content\/uploads\/2021\/12\/241343229_4837379176372949_4767308040926990317_n.jpg\" data-thumb=\"https:\/\/aubergedelatable.com\/wp-content\/uploads\/2021\/12\/241343229_4837379176372949_4767308040926990317_n-225x300.jpg\" data-rel=\"tg_galleryd67071a\"  >\n\t\t\t\t\t\t\t<img decoding=\"async\"  src=\"https:\/\/aubergedelatable.com\/wp-content\/uploads\/2021\/12\/241343229_4837379176372949_4767308040926990317_n-700x466.jpg\" class=\"\" alt=\"\" \/>\n\t\t\t\t\t\t\t<\/a>\n\t\t\t\t\t<\/div>\n\t\t<div class=\"gallery_grid_item tg_two_cols last gallery-grid-tilt \">\n\t\t\t\t\t\t\t<a class=\"tg_gallery_lightbox\" href=\"https:\/\/aubergedelatable.com\/wp-content\/uploads\/2021\/12\/241499074_4837378756372991_8994362783364607245_n.jpg\" data-thumb=\"https:\/\/aubergedelatable.com\/wp-content\/uploads\/2021\/12\/241499074_4837378756372991_8994362783364607245_n-219x300.jpg\" data-rel=\"tg_galleryd67071a\"  >\n\t\t\t\t\t\t\t<img decoding=\"async\"  src=\"https:\/\/aubergedelatable.com\/wp-content\/uploads\/2021\/12\/241499074_4837378756372991_8994362783364607245_n-700x466.jpg\" class=\"\" alt=\"\" \/>\n\t\t\t\t\t\t\t<\/a>\n\t\t\t\t\t<\/div>\n\t\t<div class=\"gallery_grid_item tg_two_cols  gallery-grid-tilt \">\n\t\t\t\t\t\t\t<a class=\"tg_gallery_lightbox\" href=\"https:\/\/aubergedelatable.com\/wp-content\/uploads\/2021\/12\/241513348_4837378006373066_2556189157004885462_n.jpg\" data-thumb=\"https:\/\/aubergedelatable.com\/wp-content\/uploads\/2021\/12\/241513348_4837378006373066_2556189157004885462_n-225x300.jpg\" data-rel=\"tg_galleryd67071a\"  >\n\t\t\t\t\t\t\t<img decoding=\"async\"  src=\"https:\/\/aubergedelatable.com\/wp-content\/uploads\/2021\/12\/241513348_4837378006373066_2556189157004885462_n-700x466.jpg\" class=\"\" alt=\"\" \/>\n\t\t\t\t\t\t\t<\/a>\n\t\t\t\t\t<\/div>\n\t\t<div class=\"gallery_grid_item tg_two_cols last gallery-grid-tilt \">\n\t\t\t\t\t\t\t<a class=\"tg_gallery_lightbox\" href=\"https:\/\/aubergedelatable.com\/wp-content\/uploads\/2021\/12\/grotte.jpg\" data-thumb=\"https:\/\/aubergedelatable.com\/wp-content\/uploads\/2021\/12\/grotte-300x225.jpg\" data-rel=\"tg_galleryd67071a\"  >\n\t\t\t\t\t\t\t<img decoding=\"async\"  src=\"https:\/\/aubergedelatable.com\/wp-content\/uploads\/2021\/12\/grotte-700x466.jpg\" class=\"\" alt=\"\" \/>\n\t\t\t\t\t\t\t<\/a>\n\t\t\t\t\t<\/div>\n\t\t<div class=\"gallery_grid_item tg_two_cols  gallery-grid-tilt \">\n\t\t\t\t\t\t\t<a class=\"tg_gallery_lightbox\" href=\"https:\/\/aubergedelatable.com\/wp-content\/uploads\/2021\/12\/fonds-blanc.jpg\" data-thumb=\"https:\/\/aubergedelatable.com\/wp-content\/uploads\/2021\/12\/fonds-blanc-300x225.jpg\" data-rel=\"tg_galleryd67071a\"  >\n\t\t\t\t\t\t\t<img decoding=\"async\"  src=\"https:\/\/aubergedelatable.com\/wp-content\/uploads\/2021\/12\/fonds-blanc-700x466.jpg\" class=\"\" alt=\"\" \/>\n\t\t\t\t\t\t\t<\/a>\n\t\t\t\t\t<\/div>\n\t\t<div class=\"gallery_grid_item tg_two_cols last gallery-grid-tilt \">\n\t\t\t\t\t\t\t<a class=\"tg_gallery_lightbox\" href=\"https:\/\/aubergedelatable.com\/wp-content\/uploads\/2021\/12\/sarodrano.jpg\" data-thumb=\"https:\/\/aubergedelatable.com\/wp-content\/uploads\/2021\/12\/sarodrano-300x225.jpg\" data-rel=\"tg_galleryd67071a\"  >\n\t\t\t\t\t\t\t<img decoding=\"async\"  src=\"https:\/\/aubergedelatable.com\/wp-content\/uploads\/2021\/12\/sarodrano-700x466.jpg\" class=\"\" alt=\"\" \/>\n\t\t\t\t\t\t\t<\/a>\n\t\t\t\t\t<\/div>\n<br class=\"clear\"\/>\n<\/div>\n\t\t\t\t<\/div>\n\t\t\t\t<\/div>\n\t\t\t\t<\/div>\n\t\t\t\t\t<\/div>\n\t\t\t\t<\/div>\n\t\t<div class=\"elementor-element elementor-element-ef02a4b e-flex e-con-boxed e-con e-parent\" data-id=\"ef02a4b\" data-element_type=\"container\" data-e-type=\"container\">\n\t\t\t\t\t<div class=\"e-con-inner\">\n\t\t\t\t<div class=\"elementor-element elementor-element-bf3fa4d elementor-widget elementor-widget-google_maps\" data-id=\"bf3fa4d\" data-element_type=\"widget\" data-e-type=\"widget\" data-settings=\"{&quot;hoteller_ext_link_sidemenu&quot;:&quot;false&quot;,&quot;hoteller_ext_link_fullmenu&quot;:&quot;false&quot;,&quot;hoteller_ext_is_scrollme&quot;:&quot;false&quot;,&quot;hoteller_ext_is_smoove&quot;:&quot;false&quot;,&quot;hoteller_ext_is_parallax_mouse&quot;:&quot;false&quot;,&quot;hoteller_ext_is_infinite&quot;:&quot;false&quot;,&quot;hoteller_ext_is_fadeout_animation&quot;:&quot;false&quot;}\" data-widget_type=\"google_maps.default\">\n\t\t\t\t<div class=\"elementor-widget-container\">\n\t\t\t\t\t\t\t<div class=\"elementor-custom-embed\">\n\t\t\t<iframe loading=\"lazy\"\n\t\t\t\t\tsrc=\"https:\/\/maps.google.com\/maps?q=saint-augustin%2Ctulear&#038;t=m&#038;z=11&#038;output=embed&#038;iwloc=near\"\n\t\t\t\t\ttitle=\"saint-augustin,tulear\"\n\t\t\t\t\taria-label=\"saint-augustin,tulear\"\n\t\t\t><\/iframe>\n\t\t<\/div>\n\t\t\t\t\t\t<\/div>\n\t\t\t\t<\/div>\n\t\t\t\t\t<\/div>\n\t\t\t\t<\/div>\n\t\t\t\t<\/div>\n\t\t","protected":false},"excerpt":{"rendered":"<p>Dur\u00e9e :&nbsp;Journ\u00e9e&nbsp; &nbsp; Activit\u00e9s : Visite des mangroves en pirogue :&nbsp;Balade en pirogue vezo \u00e0 travers les mangroves. La visite des mangroves d\u00e9pend toujours de la mar\u00e9e, l\u2019itin\u00e9raire est donc flexible et il peut \u00eatre n\u00e9cessaire de s\u2019adapter aux heures [&hellip;]<\/p>\n","protected":false},"author":1,"featured_media":0,"parent":0,"menu_order":0,"comment_status":"closed","ping_status":"closed","template":"","meta":{"footnotes":""},"class_list":["post-2974","page","type-page","status-publish","hentry"],"aioseo_notices":[],"_links":{"self":[{"href":"https:\/\/aubergedelatable.com\/fr\/wp-json\/wp\/v2\/pages\/2974","targetHints":{"allow":["GET"]}}],"collection":[{"href":"https:\/\/aubergedelatable.com\/fr\/wp-json\/wp\/v2\/pages"}],"about":[{"href":"https:\/\/aubergedelatable.com\/fr\/wp-json\/wp\/v2\/types\/page"}],"author":[{"embeddable":true,"href":"https:\/\/aubergedelatable.com\/fr\/wp-json\/wp\/v2\/users\/1"}],"replies":[{"embeddable":true,"href":"https:\/\/aubergedelatable.com\/fr\/wp-json\/wp\/v2\/comments?post=2974"}],"version-history":[{"count":6,"href":"https:\/\/aubergedelatable.com\/fr\/wp-json\/wp\/v2\/pages\/2974\/revisions"}],"predecessor-version":[{"id":4708,"href":"https:\/\/aubergedelatable.com\/fr\/wp-json\/wp\/v2\/pages\/2974\/revisions\/4708"}],"wp:attachment":[{"href":"https:\/\/aubergedelatable.com\/fr\/wp-json\/wp\/v2\/media?parent=2974"}],"curies":[{"name":"wp","href":"https:\/\/api.w.org\/{rel}","templated":true}]}}