{"id":2980,"date":"2021-12-17T09:00:38","date_gmt":"2021-12-17T08:00:38","guid":{"rendered":"http:\/\/auberge.madalacarte.com\/?page_id=2980"},"modified":"2026-01-16T12:35:27","modified_gmt":"2026-01-16T09:35:27","slug":"nosy-ve","status":"publish","type":"page","link":"https:\/\/aubergedelatable.com\/fr\/nosy-ve\/","title":{"rendered":"\u00a0\u00a0Nosy ve"},"content":{"rendered":"\t\t<div data-elementor-type=\"wp-page\" data-elementor-id=\"2980\" class=\"elementor elementor-2980\">\n\t\t\t\t<div class=\"elementor-element elementor-element-f7694b4 e-flex e-con-boxed e-con e-parent\" data-id=\"f7694b4\" data-element_type=\"container\" data-e-type=\"container\">\n\t\t\t\t\t<div class=\"e-con-inner\">\n\t\t<div class=\"elementor-element elementor-element-99bb73f e-con-full e-flex e-con e-child\" data-id=\"99bb73f\" data-element_type=\"container\" data-e-type=\"container\">\n\t\t\t\t<div class=\"elementor-element elementor-element-f76d1b8 elementor-widget elementor-widget-text-editor\" data-id=\"f76d1b8\" data-element_type=\"widget\" data-e-type=\"widget\" data-settings=\"{&quot;hoteller_ext_link_sidemenu&quot;:&quot;false&quot;,&quot;hoteller_ext_link_fullmenu&quot;:&quot;false&quot;,&quot;hoteller_ext_is_scrollme&quot;:&quot;false&quot;,&quot;hoteller_ext_is_smoove&quot;:&quot;false&quot;,&quot;hoteller_ext_is_parallax_mouse&quot;:&quot;false&quot;,&quot;hoteller_ext_is_infinite&quot;:&quot;false&quot;,&quot;hoteller_ext_is_fadeout_animation&quot;:&quot;false&quot;}\" data-widget_type=\"text-editor.default\">\n\t\t\t\t<div class=\"elementor-widget-container\">\n\t\t\t\t\t\t\t\t\t<div>\n<div>\n<div>\n<div>\n<div><span><b><\/b>Dur\u00e9e&nbsp;: Journ\u00e9e<\/span><\/div>\n<div>&nbsp;<\/div>\n<div><span>Activit\u00e9s :<\/span><\/div>\n<ul>\n<li><span><b>Excursions sur l\u2019\u00eele de Nosy Ve :&nbsp;<\/b>&nbsp;Visite de&nbsp; l\u2019\u00eele, snorkeling, observation d\u2019oiseaux. Nosy Ve est le nom d&rsquo;une \u00eele situ\u00e9 sur un banc de corail \u00e0 cinq kilom\u00e8tres au large du village c\u00f4tier d\u2019Anakao. La particularit\u00e9 et l&rsquo;int\u00e9r\u00eat principal de cette \u00eele est la pr\u00e9sence d&rsquo;une colonie d&rsquo;oiseaux&nbsp; end\u00e9miques, les pha\u00e9tons \u00e0 queue rouge ou nomm\u00e9 en g\u00e9n\u00e9ral \u00abpaille en queue\u00bb. Certains viennent de tr\u00e8s loin pour photographier ces oiseaux dont la queue est compos\u00e9e de deux brins fins et rouge. Nosy Ve est l\u2019un des seuls lieux de reproduction de cette esp\u00e8ce.<\/span><\/li>\n<\/ul>\n<div>&nbsp;<\/div>\n<div><span>Tarif: 400,000Ar \/ personne. Le tarif inclut le droit d\u2019entr\u00e9e sur l\u2019\u00eele de Nosy ve ainsi que le transport en v\u00e9hicule depuis Auberge de la Table jusqu\u2019au point d\u2019embarquement au bateau et retour ainsi que le pique nique&nbsp;<\/span><span style=\"font-size: 15px;\">avec grillade de poissons et crustac\u00e9s<\/span><span style=\"font-size: 15px; letter-spacing: 0px;\">.&nbsp; Maximum 6 personnes.<\/span><\/div>\n<\/div>\n<div>&nbsp;<\/div>\n<\/div>\n<\/div>\n<\/div>\t\t\t\t\t\t\t\t<\/div>\n\t\t\t\t<\/div>\n\t\t\t\t<\/div>\n\t\t<div class=\"elementor-element elementor-element-8c7725c e-con-full e-flex e-con e-child\" data-id=\"8c7725c\" data-element_type=\"container\" data-e-type=\"container\">\n\t\t\t\t<div class=\"elementor-element elementor-element-afc4421 elementor-widget elementor-widget-hoteller-gallery-grid\" data-id=\"afc4421\" data-element_type=\"widget\" data-e-type=\"widget\" data-settings=\"{&quot;hoteller_ext_link_sidemenu&quot;:&quot;false&quot;,&quot;hoteller_ext_link_fullmenu&quot;:&quot;false&quot;,&quot;hoteller_ext_is_scrollme&quot;:&quot;false&quot;,&quot;hoteller_ext_is_smoove&quot;:&quot;false&quot;,&quot;hoteller_ext_is_parallax_mouse&quot;:&quot;false&quot;,&quot;hoteller_ext_is_infinite&quot;:&quot;false&quot;,&quot;hoteller_ext_is_fadeout_animation&quot;:&quot;false&quot;}\" data-widget_type=\"hoteller-gallery-grid.default\">\n\t\t\t\t<div class=\"elementor-widget-container\">\n\t\t\t\t\t<div class=\"gallery_grid_content_wrapper layout_tg_one_cols \">\n\t\t<div class=\"gallery_grid_item tg_one_cols last gallery-grid-tilt \">\n\t\t\t\t\t\t\t<a class=\"tg_gallery_lightbox\" href=\"https:\/\/aubergedelatable.com\/wp-content\/uploads\/2021\/12\/fonds-blanc.jpg\" data-thumb=\"https:\/\/aubergedelatable.com\/wp-content\/uploads\/2021\/12\/fonds-blanc-300x225.jpg\" data-rel=\"tg_galleryafc4421\"  >\n\t\t\t\t\t\t\t<img decoding=\"async\"  src=\"https:\/\/aubergedelatable.com\/wp-content\/uploads\/2021\/12\/fonds-blanc.jpg\" class=\"\" alt=\"\" \/>\n\t\t\t\t\t\t\t<\/a>\n\t\t\t\t\t<\/div>\n<br class=\"clear\"\/>\n<\/div>\n\t\t\t\t<\/div>\n\t\t\t\t<\/div>\n\t\t\t\t<\/div>\n\t\t\t\t\t<\/div>\n\t\t\t\t<\/div>\n\t\t<div class=\"elementor-element elementor-element-3458a0f e-flex e-con-boxed e-con e-parent\" data-id=\"3458a0f\" data-element_type=\"container\" data-e-type=\"container\">\n\t\t\t\t\t<div class=\"e-con-inner\">\n\t\t\t\t<div class=\"elementor-element elementor-element-2b4597a elementor-widget elementor-widget-google_maps\" data-id=\"2b4597a\" data-element_type=\"widget\" data-e-type=\"widget\" data-settings=\"{&quot;hoteller_ext_link_sidemenu&quot;:&quot;false&quot;,&quot;hoteller_ext_link_fullmenu&quot;:&quot;false&quot;,&quot;hoteller_ext_is_scrollme&quot;:&quot;false&quot;,&quot;hoteller_ext_is_smoove&quot;:&quot;false&quot;,&quot;hoteller_ext_is_parallax_mouse&quot;:&quot;false&quot;,&quot;hoteller_ext_is_infinite&quot;:&quot;false&quot;,&quot;hoteller_ext_is_fadeout_animation&quot;:&quot;false&quot;}\" data-widget_type=\"google_maps.default\">\n\t\t\t\t<div class=\"elementor-widget-container\">\n\t\t\t\t\t\t\t<div class=\"elementor-custom-embed\">\n\t\t\t<iframe loading=\"lazy\"\n\t\t\t\t\tsrc=\"https:\/\/maps.google.com\/maps?q=Nosy%20ve&#038;t=m&#038;z=11&#038;output=embed&#038;iwloc=near\"\n\t\t\t\t\ttitle=\"Nosy ve\"\n\t\t\t\t\taria-label=\"Nosy ve\"\n\t\t\t><\/iframe>\n\t\t<\/div>\n\t\t\t\t\t\t<\/div>\n\t\t\t\t<\/div>\n\t\t\t\t\t<\/div>\n\t\t\t\t<\/div>\n\t\t\t\t<\/div>\n\t\t","protected":false},"excerpt":{"rendered":"<p>Dur\u00e9e&nbsp;: Journ\u00e9e &nbsp; Activit\u00e9s : Excursions sur l\u2019\u00eele de Nosy Ve :&nbsp;&nbsp;Visite de&nbsp; l\u2019\u00eele, snorkeling, observation d\u2019oiseaux. Nosy Ve est le nom d&rsquo;une \u00eele situ\u00e9 sur un banc de corail \u00e0 cinq kilom\u00e8tres au large du village c\u00f4tier d\u2019Anakao. La [&hellip;]<\/p>\n","protected":false},"author":1,"featured_media":0,"parent":0,"menu_order":0,"comment_status":"closed","ping_status":"closed","template":"","meta":{"footnotes":""},"class_list":["post-2980","page","type-page","status-publish","hentry"],"aioseo_notices":[],"_links":{"self":[{"href":"https:\/\/aubergedelatable.com\/fr\/wp-json\/wp\/v2\/pages\/2980","targetHints":{"allow":["GET"]}}],"collection":[{"href":"https:\/\/aubergedelatable.com\/fr\/wp-json\/wp\/v2\/pages"}],"about":[{"href":"https:\/\/aubergedelatable.com\/fr\/wp-json\/wp\/v2\/types\/page"}],"author":[{"embeddable":true,"href":"https:\/\/aubergedelatable.com\/fr\/wp-json\/wp\/v2\/users\/1"}],"replies":[{"embeddable":true,"href":"https:\/\/aubergedelatable.com\/fr\/wp-json\/wp\/v2\/comments?post=2980"}],"version-history":[{"count":6,"href":"https:\/\/aubergedelatable.com\/fr\/wp-json\/wp\/v2\/pages\/2980\/revisions"}],"predecessor-version":[{"id":4705,"href":"https:\/\/aubergedelatable.com\/fr\/wp-json\/wp\/v2\/pages\/2980\/revisions\/4705"}],"wp:attachment":[{"href":"https:\/\/aubergedelatable.com\/fr\/wp-json\/wp\/v2\/media?parent=2980"}],"curies":[{"name":"wp","href":"https:\/\/api.w.org\/{rel}","templated":true}]}}